{"id":65599,"date":"2025-10-13T22:06:39","date_gmt":"2025-10-13T20:06:39","guid":{"rendered":"https:\/\/fh-staging.vengo.cloud\/de-ch\/p\/waterproof-tape-gruen-12mm-x-50m"},"modified":"2025-12-19T08:54:55","modified_gmt":"2025-12-19T07:54:55","slug":"waterproof-tape-vert-12mm-x-50m","status":"publish","type":"product","link":"https:\/\/fh-staging.vengo.cloud\/fr-ch\/p\/waterproof-tape-gruen-12mm-x-50m","title":{"rendered":"Waterproof &#8218;Tape&#8216; gr\u00fcn 12mm x 50m"},"content":{"rendered":"<p>Waterproof Tape \/ Anchor Tape 12 mm \u00d7 50 m<\/p>\n<p>But d'utilisation :<br \/>\nLe Waterproof Tape sert \u00e0 fixer solidement ou \u00e0 donner une fixation suppl\u00e9mentaire \u00e0 la mousse \u00e0 piquer pour fleurs fra\u00eeches et s\u00e8ches sur des supports plats. Il assure un maintien stable, m\u00eame lorsque la masse de bouturage est humide, et est id\u00e9al pour les travaux floraux et les arrangements.<\/p>\n<p>Caract\u00e9ristiques et avantages du produit :<br \/>\n- autocollant<br \/>\n- r\u00e9sistant \u00e0 l'eau<br \/>\n- utilisation universelle en fleuristerie<\/p>\n<p>Remarque<br \/>\nConvient pour la fixation de la masse de bouturage d\u00e9j\u00e0 tremp\u00e9e.<\/p>","protected":false},"excerpt":{"rendered":"<p>Le Waterproof Tape sert \u00e0 fixer solidement ou \u00e0 donner une fixation suppl\u00e9mentaire \u00e0 la mousse \u00e0 piquer pour fleurs fra\u00eeches et s\u00e8ches sur des supports plats.<\/p>","protected":false},"featured_media":65667,"template":"","meta":[],"product_brand":[],"product_cat":[29,23,1178,909,911],"product_tag":[289],"woo-feed-brand":[],"class_list":{"0":"post-65599","1":"product","2":"type-product","3":"status-publish","4":"has-post-thumbnail","6":"product_cat-do-it-yourself","7":"product_cat-home-living","8":"product_cat-diy","9":"product_cat-weihnachten","10":"product_cat-accessoires","11":"product_tag-blumengarten-kung-ag","13":"first","14":"instock","15":"taxable","16":"shipping-taxable","17":"purchasable","18":"product-type-simple"},"_links":{"self":[{"href":"https:\/\/fh-staging.vengo.cloud\/fr-ch\/wp-json\/wp\/v2\/product\/65599","targetHints":{"allow":["GET"]}}],"collection":[{"href":"https:\/\/fh-staging.vengo.cloud\/fr-ch\/wp-json\/wp\/v2\/product"}],"about":[{"href":"https:\/\/fh-staging.vengo.cloud\/fr-ch\/wp-json\/wp\/v2\/types\/product"}],"wp:featuredmedia":[{"embeddable":true,"href":"https:\/\/fh-staging.vengo.cloud\/fr-ch\/wp-json\/wp\/v2\/media\/65667"}],"wp:attachment":[{"href":"https:\/\/fh-staging.vengo.cloud\/fr-ch\/wp-json\/wp\/v2\/media?parent=65599"}],"wp:term":[{"taxonomy":"product_brand","embeddable":true,"href":"https:\/\/fh-staging.vengo.cloud\/fr-ch\/wp-json\/wp\/v2\/product_brand?post=65599"},{"taxonomy":"product_cat","embeddable":true,"href":"https:\/\/fh-staging.vengo.cloud\/fr-ch\/wp-json\/wp\/v2\/product_cat?post=65599"},{"taxonomy":"product_tag","embeddable":true,"href":"https:\/\/fh-staging.vengo.cloud\/fr-ch\/wp-json\/wp\/v2\/product_tag?post=65599"},{"taxonomy":"woo-feed-brand","embeddable":true,"href":"https:\/\/fh-staging.vengo.cloud\/fr-ch\/wp-json\/wp\/v2\/woo-feed-brand?post=65599"}],"curies":[{"name":"wp","href":"https:\/\/api.w.org\/{rel}","templated":true}]}}