{"id":65597,"date":"2025-10-13T22:06:38","date_gmt":"2025-10-13T20:06:38","guid":{"rendered":"https:\/\/fh-staging.vengo.cloud\/de-ch\/p\/wickelband-flowertape-moosgruen-13mm-x-27-5m"},"modified":"2025-12-19T08:54:37","modified_gmt":"2025-12-19T07:54:37","slug":"ruban-demballage-flowertape-vert-mousse-13mm-x-27-5m","status":"publish","type":"product","link":"https:\/\/fh-staging.vengo.cloud\/fr-ch\/p\/wickelband-flowertape-moosgruen-13mm-x-27-5m","title":{"rendered":"Wickelband &#8218;Flowertape&#8216; Moosgr\u00fcn &#8211; 13mm x 27.5m"},"content":{"rendered":"<p>Wickelband &#8218;Flowertape&#8216; 13 mm x 27.5 m<\/p>\n<p>But d'utilisation :<br \/>\nPour recouvrir les tiges soutenues ou prolong\u00e9es par du fil de fer des fleurs fra\u00eeches ou s\u00e9ch\u00e9es. Id\u00e9al pour masquer le fil de fer des fleurs, les tiges et les points de jonction dans l'art floral. En tendant et en appuyant sur le ruban, un effet adh\u00e9sif se produit, ce qui fait que le ruban adh\u00e8re fermement.<\/p>\n<p>Caract\u00e9ristiques du produit + avantages :<br \/>\n- Disponible en vert, marron et blanc<br \/>\n- surface cir\u00e9e et hydrofuge<br \/>\n- Semblable \u00e0 du cr\u00eape et extensible<br \/>\n- Inalt\u00e9rable<br \/>\n- l\u00e9g\u00e8rement extensible, en tirant, la colle s'active<br \/>\n- donne une apparence propre et naturelle<br \/>\n- facile \u00e0 utiliser<\/p>\n<p>Remarque<br \/>\nLe Flower Tape n'est pas totalement r\u00e9sistant \u00e0 l'eau.<\/p>","protected":false},"excerpt":{"rendered":"<p>Pour couvrir les tiges de fleurs fra\u00eeches ou s\u00e9ch\u00e9es soutenues ou prolong\u00e9es par du fil de fer.<\/p>","protected":false},"featured_media":65665,"template":"","meta":[],"product_brand":[],"product_cat":[29,23,1178,1194,909,911],"product_tag":[289],"woo-feed-brand":[],"class_list":{"0":"post-65597","1":"product","2":"type-product","3":"status-publish","4":"has-post-thumbnail","6":"product_cat-do-it-yourself","7":"product_cat-home-living","8":"product_cat-diy","9":"product_cat-diy-helfer","10":"product_cat-weihnachten","11":"product_cat-accessoires","12":"product_tag-blumengarten-kung-ag","14":"first","15":"instock","16":"taxable","17":"shipping-taxable","18":"purchasable","19":"product-type-simple"},"_links":{"self":[{"href":"https:\/\/fh-staging.vengo.cloud\/fr-ch\/wp-json\/wp\/v2\/product\/65597","targetHints":{"allow":["GET"]}}],"collection":[{"href":"https:\/\/fh-staging.vengo.cloud\/fr-ch\/wp-json\/wp\/v2\/product"}],"about":[{"href":"https:\/\/fh-staging.vengo.cloud\/fr-ch\/wp-json\/wp\/v2\/types\/product"}],"wp:featuredmedia":[{"embeddable":true,"href":"https:\/\/fh-staging.vengo.cloud\/fr-ch\/wp-json\/wp\/v2\/media\/65665"}],"wp:attachment":[{"href":"https:\/\/fh-staging.vengo.cloud\/fr-ch\/wp-json\/wp\/v2\/media?parent=65597"}],"wp:term":[{"taxonomy":"product_brand","embeddable":true,"href":"https:\/\/fh-staging.vengo.cloud\/fr-ch\/wp-json\/wp\/v2\/product_brand?post=65597"},{"taxonomy":"product_cat","embeddable":true,"href":"https:\/\/fh-staging.vengo.cloud\/fr-ch\/wp-json\/wp\/v2\/product_cat?post=65597"},{"taxonomy":"product_tag","embeddable":true,"href":"https:\/\/fh-staging.vengo.cloud\/fr-ch\/wp-json\/wp\/v2\/product_tag?post=65597"},{"taxonomy":"woo-feed-brand","embeddable":true,"href":"https:\/\/fh-staging.vengo.cloud\/fr-ch\/wp-json\/wp\/v2\/woo-feed-brand?post=65597"}],"curies":[{"name":"wp","href":"https:\/\/api.w.org\/{rel}","templated":true}]}}