{"id":65594,"date":"2025-10-13T22:06:37","date_gmt":"2025-10-13T20:06:37","guid":{"rendered":"https:\/\/fh-staging.vengo.cloud\/de-ch\/p\/pinholder-gruen-d3cm-mit-klebeband-50-stueck"},"modified":"2025-12-19T08:54:23","modified_gmt":"2025-12-19T07:54:23","slug":"porte-etiquette-vert-d3cm-avec-ruban-adhesif-50-pieces","status":"publish","type":"product","link":"https:\/\/fh-staging.vengo.cloud\/fr-ch\/p\/pinholder-gruen-d3cm-mit-klebeband-50-stueck","title":{"rendered":"Pinholder &#8218;gr\u00fcn&#8216; d3cm mit Klebeband 50 St\u00fcck"},"content":{"rendered":"<p>Porte-\u00e9tiquette vert \u00d8 3 cm<\/p>\n<p>But d'utilisation :<br \/>\nPour fixer solidement les tuiles de p\u00e2te \u00e0 coudre sur des supports plats. Le support assure un maintien stable et emp\u00eache de glisser pendant la cr\u00e9ation florale.<\/p>\n<p>Caract\u00e9ristiques du produit + avantages :<br \/>\n- convient aux porte-\u00e9tiquettes de \u00d8 3 cm<br \/>\n- construction solide en plastique vert<br \/>\n- avec ruban adh\u00e9sif pour une fixation directe sur le support<br \/>\n- maintient la masse de bouturage fermement en place<br \/>\n- Utilisable plusieurs fois<br \/>\n- id\u00e9al pour les travaux floraux et les arrangements<\/p>","protected":false},"excerpt":{"rendered":"<p>Pour fixer solidement les tuiles \u00e0 embo\u00eeter sur des supports plats.<\/p>","protected":false},"featured_media":65660,"template":"","meta":[],"product_brand":[],"product_cat":[29,23,1178,1194,909,911],"product_tag":[289],"woo-feed-brand":[],"class_list":{"0":"post-65594","1":"product","2":"type-product","3":"status-publish","4":"has-post-thumbnail","6":"product_cat-do-it-yourself","7":"product_cat-home-living","8":"product_cat-diy","9":"product_cat-diy-helfer","10":"product_cat-weihnachten","11":"product_cat-accessoires","12":"product_tag-blumengarten-kung-ag","14":"first","15":"instock","16":"taxable","17":"shipping-taxable","18":"purchasable","19":"product-type-simple"},"_links":{"self":[{"href":"https:\/\/fh-staging.vengo.cloud\/fr-ch\/wp-json\/wp\/v2\/product\/65594","targetHints":{"allow":["GET"]}}],"collection":[{"href":"https:\/\/fh-staging.vengo.cloud\/fr-ch\/wp-json\/wp\/v2\/product"}],"about":[{"href":"https:\/\/fh-staging.vengo.cloud\/fr-ch\/wp-json\/wp\/v2\/types\/product"}],"wp:featuredmedia":[{"embeddable":true,"href":"https:\/\/fh-staging.vengo.cloud\/fr-ch\/wp-json\/wp\/v2\/media\/65660"}],"wp:attachment":[{"href":"https:\/\/fh-staging.vengo.cloud\/fr-ch\/wp-json\/wp\/v2\/media?parent=65594"}],"wp:term":[{"taxonomy":"product_brand","embeddable":true,"href":"https:\/\/fh-staging.vengo.cloud\/fr-ch\/wp-json\/wp\/v2\/product_brand?post=65594"},{"taxonomy":"product_cat","embeddable":true,"href":"https:\/\/fh-staging.vengo.cloud\/fr-ch\/wp-json\/wp\/v2\/product_cat?post=65594"},{"taxonomy":"product_tag","embeddable":true,"href":"https:\/\/fh-staging.vengo.cloud\/fr-ch\/wp-json\/wp\/v2\/product_tag?post=65594"},{"taxonomy":"woo-feed-brand","embeddable":true,"href":"https:\/\/fh-staging.vengo.cloud\/fr-ch\/wp-json\/wp\/v2\/woo-feed-brand?post=65594"}],"curies":[{"name":"wp","href":"https:\/\/api.w.org\/{rel}","templated":true}]}}