{"id":65584,"date":"2025-10-13T22:06:33","date_gmt":"2025-10-13T20:06:33","guid":{"rendered":"https:\/\/fh-staging.vengo.cloud\/de-ch\/p\/bandkit-fix-green-gruen-15-mm-1m"},"modified":"2025-12-19T08:53:16","modified_gmt":"2025-12-19T07:53:16","slug":"kit-de-bande-fix-green-vert-15-mm-1m","status":"publish","type":"product","link":"https:\/\/fh-staging.vengo.cloud\/fr-ch\/p\/bandkit-fix-green-gruen-15-mm-1m","title":{"rendered":"Bandkit &#8218;Fix Green&#8216; gr\u00fcn 15 mm 1m"},"content":{"rendered":"<p>Kit de bande \"Fix Green\" - vert, 15 mm<\/p>\n<p>But d'utilisation :<br \/>\nLe kit Fix Green Band est sp\u00e9cialement con\u00e7u pour les applications florales. Il est id\u00e9al pour fixer des accessoires, des porte-pinces, des figurines et d'autres \u00e9l\u00e9ments d\u00e9coratifs sur diff\u00e9rents supports.<\/p>\n<p>Caract\u00e9ristiques et avantages du produit :<br \/>\n- fort pouvoir adh\u00e9sif pour des fixations durables<br \/>\n- flexible et facile \u00e0 appliquer<br \/>\n- Couleur verte - discr\u00e8te dans les compositions florales<br \/>\n- l'adh\u00e9rence peut \u00eatre renforc\u00e9e en chauffant avec un briquet<br \/>\n- id\u00e9al pour l'art floral cr\u00e9atif, la d\u00e9coration et les cr\u00e9ations avec de la p\u00e2te \u00e0 modeler<\/p>\n<p>Conseil<br \/>\nChauffe l\u00e9g\u00e8rement le ruban avec un briquet avant de l'utiliser - cela augmente consid\u00e9rablement le pouvoir adh\u00e9sif.<\/p>","protected":false},"excerpt":{"rendered":"<p>Il est id\u00e9al pour fixer des accessoires, des porte-pinces, des figurines et d'autres \u00e9l\u00e9ments d\u00e9coratifs sur diff\u00e9rents supports.<\/p>","protected":false},"featured_media":65649,"template":"","meta":[],"product_brand":[],"product_cat":[29,23,1178,1194,909,911],"product_tag":[289],"woo-feed-brand":[],"class_list":{"0":"post-65584","1":"product","2":"type-product","3":"status-publish","4":"has-post-thumbnail","6":"product_cat-do-it-yourself","7":"product_cat-home-living","8":"product_cat-diy","9":"product_cat-diy-helfer","10":"product_cat-weihnachten","11":"product_cat-accessoires","12":"product_tag-blumengarten-kung-ag","14":"first","15":"instock","16":"taxable","17":"shipping-taxable","18":"purchasable","19":"product-type-simple"},"_links":{"self":[{"href":"https:\/\/fh-staging.vengo.cloud\/fr-ch\/wp-json\/wp\/v2\/product\/65584","targetHints":{"allow":["GET"]}}],"collection":[{"href":"https:\/\/fh-staging.vengo.cloud\/fr-ch\/wp-json\/wp\/v2\/product"}],"about":[{"href":"https:\/\/fh-staging.vengo.cloud\/fr-ch\/wp-json\/wp\/v2\/types\/product"}],"wp:featuredmedia":[{"embeddable":true,"href":"https:\/\/fh-staging.vengo.cloud\/fr-ch\/wp-json\/wp\/v2\/media\/65649"}],"wp:attachment":[{"href":"https:\/\/fh-staging.vengo.cloud\/fr-ch\/wp-json\/wp\/v2\/media?parent=65584"}],"wp:term":[{"taxonomy":"product_brand","embeddable":true,"href":"https:\/\/fh-staging.vengo.cloud\/fr-ch\/wp-json\/wp\/v2\/product_brand?post=65584"},{"taxonomy":"product_cat","embeddable":true,"href":"https:\/\/fh-staging.vengo.cloud\/fr-ch\/wp-json\/wp\/v2\/product_cat?post=65584"},{"taxonomy":"product_tag","embeddable":true,"href":"https:\/\/fh-staging.vengo.cloud\/fr-ch\/wp-json\/wp\/v2\/product_tag?post=65584"},{"taxonomy":"woo-feed-brand","embeddable":true,"href":"https:\/\/fh-staging.vengo.cloud\/fr-ch\/wp-json\/wp\/v2\/woo-feed-brand?post=65584"}],"curies":[{"name":"wp","href":"https:\/\/api.w.org\/{rel}","templated":true}]}}