{"id":65410,"date":"2025-10-13T16:03:35","date_gmt":"2025-10-13T14:03:35","guid":{"rendered":"https:\/\/fh-staging.vengo.cloud\/de-ch\/p\/gestricktes-ferkel"},"modified":"2026-01-05T14:03:09","modified_gmt":"2026-01-05T13:03:09","slug":"porcelet-tricote","status":"publish","type":"product","link":"https:\/\/fh-staging.vengo.cloud\/fr-ch\/p\/gestricktes-ferkel","title":{"rendered":"Porcelet tricot\u00e9"},"content":{"rendered":"<p>Cet adorable porcelet en coton tricot\u00e9 fait battre le c\u0153ur des enfants et fait un effet animal dans chaque chambre d'enfant.<\/p>\n<p>- 100% Coton<br \/>\n- Genre neutre et id\u00e9al pour les 0-1 ans<br \/>\n- 100% Coton<br \/>\n- Tricot\u00e9 \u00e0 la main avec amour<br \/>\n- Largeur 16 cm, hauteur 7.8 cm, longueur 25 cm<\/p>","protected":false},"excerpt":{"rendered":"<p>Peluche porcelet en coton tricot\u00e9<\/p>","protected":false},"featured_media":65409,"template":"","meta":[],"product_brand":[],"product_cat":[62,59],"product_tag":[324],"woo-feed-brand":[],"class_list":{"0":"post-65410","1":"product","2":"type-product","3":"status-publish","4":"has-post-thumbnail","6":"product_cat-spielzeug","7":"product_cat-kids","8":"product_tag-marein-ag","10":"first","11":"instock","12":"taxable","13":"shipping-taxable","14":"purchasable","15":"product-type-simple"},"_links":{"self":[{"href":"https:\/\/fh-staging.vengo.cloud\/fr-ch\/wp-json\/wp\/v2\/product\/65410","targetHints":{"allow":["GET"]}}],"collection":[{"href":"https:\/\/fh-staging.vengo.cloud\/fr-ch\/wp-json\/wp\/v2\/product"}],"about":[{"href":"https:\/\/fh-staging.vengo.cloud\/fr-ch\/wp-json\/wp\/v2\/types\/product"}],"wp:featuredmedia":[{"embeddable":true,"href":"https:\/\/fh-staging.vengo.cloud\/fr-ch\/wp-json\/wp\/v2\/media\/65409"}],"wp:attachment":[{"href":"https:\/\/fh-staging.vengo.cloud\/fr-ch\/wp-json\/wp\/v2\/media?parent=65410"}],"wp:term":[{"taxonomy":"product_brand","embeddable":true,"href":"https:\/\/fh-staging.vengo.cloud\/fr-ch\/wp-json\/wp\/v2\/product_brand?post=65410"},{"taxonomy":"product_cat","embeddable":true,"href":"https:\/\/fh-staging.vengo.cloud\/fr-ch\/wp-json\/wp\/v2\/product_cat?post=65410"},{"taxonomy":"product_tag","embeddable":true,"href":"https:\/\/fh-staging.vengo.cloud\/fr-ch\/wp-json\/wp\/v2\/product_tag?post=65410"},{"taxonomy":"woo-feed-brand","embeddable":true,"href":"https:\/\/fh-staging.vengo.cloud\/fr-ch\/wp-json\/wp\/v2\/woo-feed-brand?post=65410"}],"curies":[{"name":"wp","href":"https:\/\/api.w.org\/{rel}","templated":true}]}}