{"id":65352,"date":"2025-10-13T15:59:59","date_gmt":"2025-10-13T13:59:59","guid":{"rendered":"https:\/\/fh-staging.vengo.cloud\/de-ch\/p\/kids-steckringe-pastell6-tlg"},"modified":"2026-01-05T14:03:12","modified_gmt":"2026-01-05T13:03:12","slug":"kids-anneaux-a-piquer-pastel6-pcs","status":"publish","type":"product","link":"https:\/\/fh-staging.vengo.cloud\/fr-ch\/p\/kids-steckringe-pastell6-tlg","title":{"rendered":"Kids anneaux \u00e0 enfiler pastel,6 pcs."},"content":{"rendered":"<p>Des anneaux \u00e0 enfiler multifonctionnels et super pratiques en silicone sans BPA, qui s'assemblent facilement pour former une cha\u00eene. Id\u00e9al comme jouet de dentition pour les enfants qui font leurs dents ou pour attacher rapidement des jouets, des foulards ou des couvertures. A la maison ou en voyage, ils sont rapidement emball\u00e9s et pratiques pour \u00eatre fix\u00e9s \u00e0 la poussette, au lit \u00e0 barreaux ou au si\u00e8ge b\u00e9b\u00e9 et pour fixer la protection solaire, la mousseline et les jouets au bon endroit. Gr\u00e2ce \u00e0 leur fixation l\u00e2che, elles sont faciles \u00e0 d\u00e9placer. Le silicone l\u00e9ger mais robuste ne fait pas de d\u00e9g\u00e2ts ou de bruit en cas de chute ou de jeu - parfait quand les petits lancent des objets autour d'eux. Approuv\u00e9 par SGS et FDA, les enfants et les b\u00e9b\u00e9s peuvent donc jouer en toute s\u00e9curit\u00e9.<\/p>\n<p>- 6 anneaux multifonctions<br \/>\n- Id\u00e9al comme anneau de dentition, comme jouet \u00e0 saisir, accroch\u00e9 ensemble comme cha\u00eene, \u00e0 fixer sur la poussette ou le lit \u00e0 barreaux<br \/>\n- Fixe les jouets, les foulards, les pare-soleil et les couvertures partout et rapidement<br \/>\n- Permet de glisser facilement d'un c\u00f4t\u00e9 \u00e0 l'autre<br \/>\n- Les anneaux sont tr\u00e8s doux et souples et peuvent \u00eatre utilis\u00e9s comme boucle ou clip.<br \/>\n- Une fois assembl\u00e9es, elles forment une cha\u00eene de 35 cm de long.<br \/>\n- Chaque anneau mesure 7,8 cm de long et 6,7 cm de large.<br \/>\n- R\u00e9sistant au lave-vaisselle<\/p>","protected":false},"excerpt":{"rendered":"<p>Anneaux de dentition \/ anneaux d'attache \/ boucles \/ clips pour b\u00e9b\u00e9 \u00e0 assembler, 6 anneaux en silicone<\/p>","protected":false},"featured_media":65351,"template":"","meta":[],"product_brand":[],"product_cat":[62,59],"product_tag":[324],"woo-feed-brand":[],"class_list":{"0":"post-65352","1":"product","2":"type-product","3":"status-publish","4":"has-post-thumbnail","6":"product_cat-spielzeug","7":"product_cat-kids","8":"product_tag-marein-ag","10":"first","11":"instock","12":"taxable","13":"shipping-taxable","14":"purchasable","15":"product-type-simple"},"_links":{"self":[{"href":"https:\/\/fh-staging.vengo.cloud\/fr-ch\/wp-json\/wp\/v2\/product\/65352","targetHints":{"allow":["GET"]}}],"collection":[{"href":"https:\/\/fh-staging.vengo.cloud\/fr-ch\/wp-json\/wp\/v2\/product"}],"about":[{"href":"https:\/\/fh-staging.vengo.cloud\/fr-ch\/wp-json\/wp\/v2\/types\/product"}],"wp:featuredmedia":[{"embeddable":true,"href":"https:\/\/fh-staging.vengo.cloud\/fr-ch\/wp-json\/wp\/v2\/media\/65351"}],"wp:attachment":[{"href":"https:\/\/fh-staging.vengo.cloud\/fr-ch\/wp-json\/wp\/v2\/media?parent=65352"}],"wp:term":[{"taxonomy":"product_brand","embeddable":true,"href":"https:\/\/fh-staging.vengo.cloud\/fr-ch\/wp-json\/wp\/v2\/product_brand?post=65352"},{"taxonomy":"product_cat","embeddable":true,"href":"https:\/\/fh-staging.vengo.cloud\/fr-ch\/wp-json\/wp\/v2\/product_cat?post=65352"},{"taxonomy":"product_tag","embeddable":true,"href":"https:\/\/fh-staging.vengo.cloud\/fr-ch\/wp-json\/wp\/v2\/product_tag?post=65352"},{"taxonomy":"woo-feed-brand","embeddable":true,"href":"https:\/\/fh-staging.vengo.cloud\/fr-ch\/wp-json\/wp\/v2\/woo-feed-brand?post=65352"}],"curies":[{"name":"wp","href":"https:\/\/api.w.org\/{rel}","templated":true}]}}