{"id":65321,"date":"2025-10-13T15:58:11","date_gmt":"2025-10-13T13:58:11","guid":{"rendered":"https:\/\/fh-staging.vengo.cloud\/de-ch\/p\/gestrickter-elefant"},"modified":"2026-01-05T14:03:14","modified_gmt":"2026-01-05T13:03:14","slug":"elephant-tricote","status":"publish","type":"product","link":"https:\/\/fh-staging.vengo.cloud\/fr-ch\/p\/gestrickter-elefant","title":{"rendered":"El\u00e9phant tricot\u00e9"},"content":{"rendered":"<p>Cet adorable \u00e9l\u00e9phant en coton tricot\u00e9 fait battre le c\u0153ur des enfants et fait un effet animal dans chaque chambre d'enfant.<\/p>\n<p>- El\u00e9phant tricot\u00e9 en coton 100%<\/p>","protected":false},"excerpt":{"rendered":"<p>\u00c9l\u00e9phant tricot\u00e9 \/ peluche en coton, L 40 cm x l 15 cm x H 25 cm<\/p>","protected":false},"featured_media":65320,"template":"","meta":[],"product_brand":[],"product_cat":[62,909,916,59,939],"product_tag":[324],"woo-feed-brand":[],"class_list":{"0":"post-65321","1":"product","2":"type-product","3":"status-publish","4":"has-post-thumbnail","6":"product_cat-spielzeug","7":"product_cat-weihnachten","8":"product_cat-praesente","9":"product_cat-kids","10":"product_cat-kindergeschenke","11":"product_tag-marein-ag","13":"first","14":"instock","15":"taxable","16":"shipping-taxable","17":"purchasable","18":"product-type-simple"},"_links":{"self":[{"href":"https:\/\/fh-staging.vengo.cloud\/fr-ch\/wp-json\/wp\/v2\/product\/65321","targetHints":{"allow":["GET"]}}],"collection":[{"href":"https:\/\/fh-staging.vengo.cloud\/fr-ch\/wp-json\/wp\/v2\/product"}],"about":[{"href":"https:\/\/fh-staging.vengo.cloud\/fr-ch\/wp-json\/wp\/v2\/types\/product"}],"wp:featuredmedia":[{"embeddable":true,"href":"https:\/\/fh-staging.vengo.cloud\/fr-ch\/wp-json\/wp\/v2\/media\/65320"}],"wp:attachment":[{"href":"https:\/\/fh-staging.vengo.cloud\/fr-ch\/wp-json\/wp\/v2\/media?parent=65321"}],"wp:term":[{"taxonomy":"product_brand","embeddable":true,"href":"https:\/\/fh-staging.vengo.cloud\/fr-ch\/wp-json\/wp\/v2\/product_brand?post=65321"},{"taxonomy":"product_cat","embeddable":true,"href":"https:\/\/fh-staging.vengo.cloud\/fr-ch\/wp-json\/wp\/v2\/product_cat?post=65321"},{"taxonomy":"product_tag","embeddable":true,"href":"https:\/\/fh-staging.vengo.cloud\/fr-ch\/wp-json\/wp\/v2\/product_tag?post=65321"},{"taxonomy":"woo-feed-brand","embeddable":true,"href":"https:\/\/fh-staging.vengo.cloud\/fr-ch\/wp-json\/wp\/v2\/woo-feed-brand?post=65321"}],"curies":[{"name":"wp","href":"https:\/\/api.w.org\/{rel}","templated":true}]}}