{"id":65292,"date":"2025-10-13T15:57:23","date_gmt":"2025-10-13T13:57:23","guid":{"rendered":"https:\/\/fh-staging.vengo.cloud\/de-ch\/p\/positive-baer-otter"},"modified":"2026-01-05T14:03:15","modified_gmt":"2026-01-05T13:03:15","slug":"baer-otter-positif","status":"publish","type":"product","link":"https:\/\/fh-staging.vengo.cloud\/fr-ch\/p\/positive-baer-otter","title":{"rendered":"Ours positif \/ loutre"},"content":{"rendered":"<p>Cette petite loutre a beaucoup d'amour dans ses bagages !<\/p>\n<p>La loutre positive est un porte-bonheur crochet\u00e9 \u00e0 la main dans un marron chaud avec le slogan plein d'amour et d'humour :<\/p>\n<p>\"I love you like no otter\" (Je t'aime comme aucune loutre)<\/p>\n<p>Un cadeau parfait pour les personnes qui te sont particuli\u00e8rement ch\u00e8res - que ce soit en signe d'affection, pour un petit encouragement ou simplement pour faire na\u00eetre un sourire sur le visage de quelqu'un.<\/p>\n<p>Mini loutre au crochet<br \/>\n- Id\u00e9e cadeau parfaite<br \/>\n- Dimensions:environ 10 x 6.5 cm<br \/>\n- Mat\u00e9riel : fil de coton\/plastique\/papier<\/p>\n<p>&nbsp;<\/p>","protected":false},"excerpt":{"rendered":"<p>Loutre positive \u201cI love you like no otter\u201d, mini peluche crochet\u00e9e \/ porte-bonheur, marron, environ 10 x 6.5 cm<\/p>","protected":false},"featured_media":65291,"template":"","meta":[],"product_brand":[],"product_cat":[1112,52],"product_tag":[324],"woo-feed-brand":[],"class_list":{"0":"post-65292","1":"product","2":"type-product","3":"status-publish","4":"has-post-thumbnail","6":"product_cat-positive-potatoes","7":"product_cat-geschenke","8":"product_tag-marein-ag","10":"first","11":"instock","12":"taxable","13":"shipping-taxable","14":"purchasable","15":"product-type-simple"},"_links":{"self":[{"href":"https:\/\/fh-staging.vengo.cloud\/fr-ch\/wp-json\/wp\/v2\/product\/65292","targetHints":{"allow":["GET"]}}],"collection":[{"href":"https:\/\/fh-staging.vengo.cloud\/fr-ch\/wp-json\/wp\/v2\/product"}],"about":[{"href":"https:\/\/fh-staging.vengo.cloud\/fr-ch\/wp-json\/wp\/v2\/types\/product"}],"wp:featuredmedia":[{"embeddable":true,"href":"https:\/\/fh-staging.vengo.cloud\/fr-ch\/wp-json\/wp\/v2\/media\/65291"}],"wp:attachment":[{"href":"https:\/\/fh-staging.vengo.cloud\/fr-ch\/wp-json\/wp\/v2\/media?parent=65292"}],"wp:term":[{"taxonomy":"product_brand","embeddable":true,"href":"https:\/\/fh-staging.vengo.cloud\/fr-ch\/wp-json\/wp\/v2\/product_brand?post=65292"},{"taxonomy":"product_cat","embeddable":true,"href":"https:\/\/fh-staging.vengo.cloud\/fr-ch\/wp-json\/wp\/v2\/product_cat?post=65292"},{"taxonomy":"product_tag","embeddable":true,"href":"https:\/\/fh-staging.vengo.cloud\/fr-ch\/wp-json\/wp\/v2\/product_tag?post=65292"},{"taxonomy":"woo-feed-brand","embeddable":true,"href":"https:\/\/fh-staging.vengo.cloud\/fr-ch\/wp-json\/wp\/v2\/woo-feed-brand?post=65292"}],"curies":[{"name":"wp","href":"https:\/\/api.w.org\/{rel}","templated":true}]}}