{"id":65282,"date":"2025-10-13T15:57:01","date_gmt":"2025-10-13T13:57:01","guid":{"rendered":"https:\/\/fh-staging.vengo.cloud\/de-ch\/p\/60-tlg-set-magnet-bausteine-kinder-spielzeug-magnetische-fliesen-le"},"modified":"2026-01-05T14:03:15","modified_gmt":"2026-01-05T13:03:15","slug":"jeu-educatif-de-tuiles-magnetiques","status":"publish","type":"product","link":"https:\/\/fh-staging.vengo.cloud\/fr-ch\/p\/magnet-bausteine-fliesen-lernspiel","title":{"rendered":"Blocs de construction magn\u00e9tiques - Jeu \u00e9ducatif de carrelage"},"content":{"rendered":"<p>Commande ces briques magn\u00e9tiques en set de 60 pi\u00e8ces et stimule la motricit\u00e9 ainsi que la cr\u00e9ativit\u00e9 de tes enfants. Les tuiles magn\u00e9tiques color\u00e9es garantissent un facteur de plaisir \u00e9lev\u00e9 en cr\u00e9ant des ch\u00e2teaux, des maisons ou des personnages. De plus, ce jouet est une id\u00e9e de cadeau id\u00e9ale pour les anniversaires, No\u00ebl ou P\u00e2ques.<\/p>\n<p>- Carreaux en plastique color\u00e9s dans un set de 60 pi\u00e8ces<br \/>\n- Stimule la motricit\u00e9 et l'habilet\u00e9<br \/>\n- Jouets \u00e9ducatifs pour les enfants de 3 ans et plus<br \/>\n- Pour construire des maisons, des figurines, etc.<br \/>\n- Id\u00e9al comme id\u00e9e de cadeau pour les anniversaires<br \/>\n- Blocs de construction magn\u00e9tiques \u00e0 assembler<br \/>\n- Couleur : Assorti<br \/>\n- Mat\u00e9riau : plastique<br \/>\n- Taille : environ 7 - 13 cm<br \/>\n- Poids : environ 1,6 kg<\/p>","protected":false},"excerpt":{"rendered":"<p>(60 pcs. ensemble) briques magn\u00e9tiques jouets enfants tuiles magn\u00e9tiques jeu \u00e9ducatif<\/p>","protected":false},"featured_media":65969,"template":"","meta":[],"product_brand":[],"product_cat":[62,1020,1018,909,916,59],"product_tag":[324],"woo-feed-brand":[],"class_list":{"0":"post-65282","1":"product","2":"type-product","3":"status-publish","4":"has-post-thumbnail","6":"product_cat-spielzeug","7":"product_cat-ostergeschenke","8":"product_cat-ostern","9":"product_cat-weihnachten","10":"product_cat-praesente","11":"product_cat-kids","12":"product_tag-marein-ag","14":"first","15":"instock","16":"taxable","17":"shipping-taxable","18":"purchasable","19":"product-type-simple"},"_links":{"self":[{"href":"https:\/\/fh-staging.vengo.cloud\/fr-ch\/wp-json\/wp\/v2\/product\/65282","targetHints":{"allow":["GET"]}}],"collection":[{"href":"https:\/\/fh-staging.vengo.cloud\/fr-ch\/wp-json\/wp\/v2\/product"}],"about":[{"href":"https:\/\/fh-staging.vengo.cloud\/fr-ch\/wp-json\/wp\/v2\/types\/product"}],"wp:featuredmedia":[{"embeddable":true,"href":"https:\/\/fh-staging.vengo.cloud\/fr-ch\/wp-json\/wp\/v2\/media\/65969"}],"wp:attachment":[{"href":"https:\/\/fh-staging.vengo.cloud\/fr-ch\/wp-json\/wp\/v2\/media?parent=65282"}],"wp:term":[{"taxonomy":"product_brand","embeddable":true,"href":"https:\/\/fh-staging.vengo.cloud\/fr-ch\/wp-json\/wp\/v2\/product_brand?post=65282"},{"taxonomy":"product_cat","embeddable":true,"href":"https:\/\/fh-staging.vengo.cloud\/fr-ch\/wp-json\/wp\/v2\/product_cat?post=65282"},{"taxonomy":"product_tag","embeddable":true,"href":"https:\/\/fh-staging.vengo.cloud\/fr-ch\/wp-json\/wp\/v2\/product_tag?post=65282"},{"taxonomy":"woo-feed-brand","embeddable":true,"href":"https:\/\/fh-staging.vengo.cloud\/fr-ch\/wp-json\/wp\/v2\/woo-feed-brand?post=65282"}],"curies":[{"name":"wp","href":"https:\/\/api.w.org\/{rel}","templated":true}]}}