{"id":65248,"date":"2025-10-13T15:55:41","date_gmt":"2025-10-13T13:55:41","guid":{"rendered":"https:\/\/fh-staging.vengo.cloud\/de-ch\/p\/kids-fotorahmen-10x15cm-fuchs"},"modified":"2026-01-05T14:03:17","modified_gmt":"2026-01-05T13:03:17","slug":"cadre-photo-kids-10x15cm-renard","status":"publish","type":"product","link":"https:\/\/fh-staging.vengo.cloud\/fr-ch\/p\/kids-fotorahmen-10x15cm-fuchs","title":{"rendered":"Kids, cadre photo 10x15cm, renard"},"content":{"rendered":"<p>Cet adorable cadre photo pour enfants avec un motif de renard met merveilleusement en valeur les photos d'enfants.<\/p>\n<p>- Cadre photo simple en bois<br \/>\n- L'image peut \u00eatre remplac\u00e9e<br \/>\n- Facile \u00e0 mettre en place gr\u00e2ce au support robuste en carton<br \/>\n- Format du cadre 18 cm x 13 cm<br \/>\n- Convient aux images de 10 cm x 15 cm, dont 9 cm x 14 cm visibles<\/p>","protected":false},"excerpt":{"rendered":"<p>Cadre photo pour enfants, d\u00e9cor\u00e9 avec un motif de renard et des \u00e9toiles, 13 cm x 18 cm<\/p>","protected":false},"featured_media":65247,"template":"","meta":[],"product_brand":[],"product_cat":[64,23,1191,30,59],"product_tag":[324],"woo-feed-brand":[],"class_list":{"0":"post-65248","1":"product","2":"type-product","3":"status-publish","4":"has-post-thumbnail","6":"product_cat-kinderzimmer-deko","7":"product_cat-home-living","8":"product_cat-wanddeko","9":"product_cat-deko-accessoires","10":"product_cat-kids","11":"product_tag-marein-ag","13":"first","14":"instock","15":"taxable","16":"shipping-taxable","17":"purchasable","18":"product-type-simple"},"_links":{"self":[{"href":"https:\/\/fh-staging.vengo.cloud\/fr-ch\/wp-json\/wp\/v2\/product\/65248","targetHints":{"allow":["GET"]}}],"collection":[{"href":"https:\/\/fh-staging.vengo.cloud\/fr-ch\/wp-json\/wp\/v2\/product"}],"about":[{"href":"https:\/\/fh-staging.vengo.cloud\/fr-ch\/wp-json\/wp\/v2\/types\/product"}],"wp:featuredmedia":[{"embeddable":true,"href":"https:\/\/fh-staging.vengo.cloud\/fr-ch\/wp-json\/wp\/v2\/media\/65247"}],"wp:attachment":[{"href":"https:\/\/fh-staging.vengo.cloud\/fr-ch\/wp-json\/wp\/v2\/media?parent=65248"}],"wp:term":[{"taxonomy":"product_brand","embeddable":true,"href":"https:\/\/fh-staging.vengo.cloud\/fr-ch\/wp-json\/wp\/v2\/product_brand?post=65248"},{"taxonomy":"product_cat","embeddable":true,"href":"https:\/\/fh-staging.vengo.cloud\/fr-ch\/wp-json\/wp\/v2\/product_cat?post=65248"},{"taxonomy":"product_tag","embeddable":true,"href":"https:\/\/fh-staging.vengo.cloud\/fr-ch\/wp-json\/wp\/v2\/product_tag?post=65248"},{"taxonomy":"woo-feed-brand","embeddable":true,"href":"https:\/\/fh-staging.vengo.cloud\/fr-ch\/wp-json\/wp\/v2\/woo-feed-brand?post=65248"}],"curies":[{"name":"wp","href":"https:\/\/api.w.org\/{rel}","templated":true}]}}