{"id":65229,"date":"2025-10-13T15:54:53","date_gmt":"2025-10-13T13:54:53","guid":{"rendered":"https:\/\/fh-staging.vengo.cloud\/de-ch\/p\/nuggietui-rost"},"modified":"2026-01-05T14:03:18","modified_gmt":"2026-01-05T13:03:18","slug":"etui-a-sucette-rouille","status":"publish","type":"product","link":"https:\/\/fh-staging.vengo.cloud\/fr-ch\/p\/nuggietui-rost","title":{"rendered":"Etui \u00e0 sucette rouille"},"content":{"rendered":"<p>Ton compagnon indispensable pour les voyages : notre \u00e9l\u00e9gant \u00e9tui \u00e0 sucettes en rouge rouille chaud. Cet \u00e9tui pratique n'est pas seulement un accessoire de mode, il est aussi extr\u00eamement pratique. Il garde toutes les t\u00e9tines en s\u00e9curit\u00e9 et \u00e0 port\u00e9e de main pour que tu puisses toujours te concentrer sur le plus important - les besoins de ton b\u00e9b\u00e9. Plus jamais de soucis que la sucette se perde ou se salisse.  La fixation facile \u00e0 la poussette la rend indispensable pour chaque sortie.<\/p>\n<p>- Etui \u00e0 sucette \u00e9l\u00e9gant en rouge rouille<br \/>\n- Adaptation universelle : compatible avec la plupart des t\u00e9tines<br \/>\n- Parfait pour ranger les t\u00e9tines de mani\u00e8re hygi\u00e9nique lors de tes d\u00e9placements<br \/>\n- Facile \u00e0 attacher \u00e0 la poussette<br \/>\n- R\u00e9sistant au lave-vaisselle<br \/>\n- Dimensions : diam\u00e8tre 7,3 x longueur 22 cm<br \/>\n- Silicone certifi\u00e9 sans BPA et de qualit\u00e9 alimentaire, approuv\u00e9 par SGS &amp; FDA<\/p>","protected":false},"excerpt":{"rendered":"<p>Etui \u00e0 sucette \/ porte t\u00e9tine \/ \u00e9tui de rangement en silicone rouge rouille<\/p>","protected":false},"featured_media":65228,"template":"","meta":[],"product_brand":[],"product_cat":[62,59],"product_tag":[324],"woo-feed-brand":[],"class_list":{"0":"post-65229","1":"product","2":"type-product","3":"status-publish","4":"has-post-thumbnail","6":"product_cat-spielzeug","7":"product_cat-kids","8":"product_tag-marein-ag","10":"first","11":"instock","12":"taxable","13":"shipping-taxable","14":"purchasable","15":"product-type-simple"},"_links":{"self":[{"href":"https:\/\/fh-staging.vengo.cloud\/fr-ch\/wp-json\/wp\/v2\/product\/65229","targetHints":{"allow":["GET"]}}],"collection":[{"href":"https:\/\/fh-staging.vengo.cloud\/fr-ch\/wp-json\/wp\/v2\/product"}],"about":[{"href":"https:\/\/fh-staging.vengo.cloud\/fr-ch\/wp-json\/wp\/v2\/types\/product"}],"wp:featuredmedia":[{"embeddable":true,"href":"https:\/\/fh-staging.vengo.cloud\/fr-ch\/wp-json\/wp\/v2\/media\/65228"}],"wp:attachment":[{"href":"https:\/\/fh-staging.vengo.cloud\/fr-ch\/wp-json\/wp\/v2\/media?parent=65229"}],"wp:term":[{"taxonomy":"product_brand","embeddable":true,"href":"https:\/\/fh-staging.vengo.cloud\/fr-ch\/wp-json\/wp\/v2\/product_brand?post=65229"},{"taxonomy":"product_cat","embeddable":true,"href":"https:\/\/fh-staging.vengo.cloud\/fr-ch\/wp-json\/wp\/v2\/product_cat?post=65229"},{"taxonomy":"product_tag","embeddable":true,"href":"https:\/\/fh-staging.vengo.cloud\/fr-ch\/wp-json\/wp\/v2\/product_tag?post=65229"},{"taxonomy":"woo-feed-brand","embeddable":true,"href":"https:\/\/fh-staging.vengo.cloud\/fr-ch\/wp-json\/wp\/v2\/woo-feed-brand?post=65229"}],"curies":[{"name":"wp","href":"https:\/\/api.w.org\/{rel}","templated":true}]}}