{"id":65084,"date":"2025-10-13T15:48:22","date_gmt":"2025-10-13T13:48:22","guid":{"rendered":"https:\/\/fh-staging.vengo.cloud\/de-ch\/p\/kindertrinkbecher-mit-griffbeige"},"modified":"2026-01-05T14:03:26","modified_gmt":"2026-01-05T13:03:26","slug":"gobelet-pour-enfants-avec-poignee-beige","status":"publish","type":"product","link":"https:\/\/fh-staging.vengo.cloud\/fr-ch\/p\/kindertrinkbecher-mit-griffbeige","title":{"rendered":"Tasse \u00e0 boire pour enfants avec poign\u00e9e,Beige"},"content":{"rendered":"<p>Notre gobelet pour enfants en beige neutre et au visage mignon offre une facilit\u00e9 d'utilisation maximale pour les petits. Les deux poign\u00e9es permettent aux enfants de le tenir facilement et le mat\u00e9riau en silicone garantit qu'il n'y aura pas de rayures ou de cassures. Ce gobelet passe au micro-ondes et au lave-vaisselle, ce qui facilite le quotidien des parents. Avec une taille id\u00e9ale et des mat\u00e9riaux certifi\u00e9s de qualit\u00e9 alimentaire (sans BPA et approuv\u00e9 par SGS &amp; FDA), il offre une utilit\u00e9 pratique et une s\u00e9curit\u00e9.<\/p>\n<p>- Gobelet pour enfants en beige avec deux poign\u00e9es<br \/>\n- Avec paille et couvercle<br \/>\n- Ne fait pas de rayures et ne s'ab\u00eeme pas<br \/>\n- Passe au micro-ondes et au lave-vaisselle<br \/>\n- Dimensions : largeur 12 cm x hauteur 12.6 cm, capacit\u00e9 160 ml<br \/>\n- Silicone certifi\u00e9 sans BPA et de qualit\u00e9 alimentaire, approuv\u00e9 par SGS &amp; FDA<\/p>","protected":false},"excerpt":{"rendered":"<p>Gobelet pour enfants avec poign\u00e9es et paille, en silicone beige, 160 ml<\/p>","protected":false},"featured_media":65083,"template":"","meta":[],"product_brand":[],"product_cat":[61,59],"product_tag":[324],"woo-feed-brand":[],"class_list":{"0":"post-65084","1":"product","2":"type-product","3":"status-publish","4":"has-post-thumbnail","6":"product_cat-kindergeschirr","7":"product_cat-kids","8":"product_tag-marein-ag","10":"first","11":"instock","12":"taxable","13":"shipping-taxable","14":"purchasable","15":"product-type-simple"},"_links":{"self":[{"href":"https:\/\/fh-staging.vengo.cloud\/fr-ch\/wp-json\/wp\/v2\/product\/65084","targetHints":{"allow":["GET"]}}],"collection":[{"href":"https:\/\/fh-staging.vengo.cloud\/fr-ch\/wp-json\/wp\/v2\/product"}],"about":[{"href":"https:\/\/fh-staging.vengo.cloud\/fr-ch\/wp-json\/wp\/v2\/types\/product"}],"wp:featuredmedia":[{"embeddable":true,"href":"https:\/\/fh-staging.vengo.cloud\/fr-ch\/wp-json\/wp\/v2\/media\/65083"}],"wp:attachment":[{"href":"https:\/\/fh-staging.vengo.cloud\/fr-ch\/wp-json\/wp\/v2\/media?parent=65084"}],"wp:term":[{"taxonomy":"product_brand","embeddable":true,"href":"https:\/\/fh-staging.vengo.cloud\/fr-ch\/wp-json\/wp\/v2\/product_brand?post=65084"},{"taxonomy":"product_cat","embeddable":true,"href":"https:\/\/fh-staging.vengo.cloud\/fr-ch\/wp-json\/wp\/v2\/product_cat?post=65084"},{"taxonomy":"product_tag","embeddable":true,"href":"https:\/\/fh-staging.vengo.cloud\/fr-ch\/wp-json\/wp\/v2\/product_tag?post=65084"},{"taxonomy":"woo-feed-brand","embeddable":true,"href":"https:\/\/fh-staging.vengo.cloud\/fr-ch\/wp-json\/wp\/v2\/woo-feed-brand?post=65084"}],"curies":[{"name":"wp","href":"https:\/\/api.w.org\/{rel}","templated":true}]}}