{"id":65080,"date":"2025-10-13T15:48:17","date_gmt":"2025-10-13T13:48:17","guid":{"rendered":"https:\/\/fh-staging.vengo.cloud\/de-ch\/p\/kinder-trinkbecher-soleil-blau"},"modified":"2026-01-05T14:03:26","modified_gmt":"2026-01-05T13:03:26","slug":"gobelet-pour-enfants-soleil-bleu","status":"publish","type":"product","link":"https:\/\/fh-staging.vengo.cloud\/fr-ch\/p\/kinder-trinkbecher-soleil-blau","title":{"rendered":"Gobelet pour enfants, Soleil, bleu"},"content":{"rendered":"<p>Notre gobelet pour enfants \"The Mini Sippi\" est le compagnon id\u00e9al pour les petits d\u00e9salt\u00e9rants. D'un bleu joyeux avec une impression de soleil, il est tr\u00e8s attrayant avec son design adapt\u00e9 aux enfants. Fabriqu\u00e9 en silicone certifi\u00e9 de qualit\u00e9 alimentaire, il est non seulement adapt\u00e9 au micro-ondes, mais aussi au lave-vaisselle. Le gobelet est extr\u00eamement doux et s\u00fbr pour les enfants. Son mat\u00e9riau robuste emp\u00eache les rayures et la casse. Un compagnon de boisson pratique et color\u00e9 qui accompagne les petits dans leurs aventures.<\/p>\n<p>- Gobelet pour enfants en bleu avec un joyeux soleil imprim\u00e9<br \/>\n- Ne fait pas de rayures et ne s'ab\u00eeme pas<br \/>\n- Super doux pour que l'enfant ne se blesse pas<br \/>\n- Passe au micro-ondes et au lave-vaisselle<br \/>\n- Dimensions : diam\u00e8tre 6 cm x hauteur 13 cm (paille incluse), capacit\u00e9 180 ml<br \/>\n- Silicone certifi\u00e9 sans BPA et de qualit\u00e9 alimentaire, approuv\u00e9 par SGS &amp; FDA<\/p>","protected":false},"excerpt":{"rendered":"<p>Gobelet pour enfants \"The Mini Sippi\" avec paille et impression de soleil, en silicone bleu, 180 ml<\/p>","protected":false},"featured_media":65079,"template":"","meta":[],"product_brand":[],"product_cat":[61,59],"product_tag":[324],"woo-feed-brand":[],"class_list":{"0":"post-65080","1":"product","2":"type-product","3":"status-publish","4":"has-post-thumbnail","6":"product_cat-kindergeschirr","7":"product_cat-kids","8":"product_tag-marein-ag","10":"first","11":"instock","12":"taxable","13":"shipping-taxable","14":"purchasable","15":"product-type-simple"},"_links":{"self":[{"href":"https:\/\/fh-staging.vengo.cloud\/fr-ch\/wp-json\/wp\/v2\/product\/65080","targetHints":{"allow":["GET"]}}],"collection":[{"href":"https:\/\/fh-staging.vengo.cloud\/fr-ch\/wp-json\/wp\/v2\/product"}],"about":[{"href":"https:\/\/fh-staging.vengo.cloud\/fr-ch\/wp-json\/wp\/v2\/types\/product"}],"wp:featuredmedia":[{"embeddable":true,"href":"https:\/\/fh-staging.vengo.cloud\/fr-ch\/wp-json\/wp\/v2\/media\/65079"}],"wp:attachment":[{"href":"https:\/\/fh-staging.vengo.cloud\/fr-ch\/wp-json\/wp\/v2\/media?parent=65080"}],"wp:term":[{"taxonomy":"product_brand","embeddable":true,"href":"https:\/\/fh-staging.vengo.cloud\/fr-ch\/wp-json\/wp\/v2\/product_brand?post=65080"},{"taxonomy":"product_cat","embeddable":true,"href":"https:\/\/fh-staging.vengo.cloud\/fr-ch\/wp-json\/wp\/v2\/product_cat?post=65080"},{"taxonomy":"product_tag","embeddable":true,"href":"https:\/\/fh-staging.vengo.cloud\/fr-ch\/wp-json\/wp\/v2\/product_tag?post=65080"},{"taxonomy":"woo-feed-brand","embeddable":true,"href":"https:\/\/fh-staging.vengo.cloud\/fr-ch\/wp-json\/wp\/v2\/woo-feed-brand?post=65080"}],"curies":[{"name":"wp","href":"https:\/\/api.w.org\/{rel}","templated":true}]}}