{"id":65007,"date":"2025-10-13T15:46:03","date_gmt":"2025-10-13T13:46:03","guid":{"rendered":"https:\/\/fh-staging.vengo.cloud\/de-ch\/p\/spielmatte-apricot-120x120cm"},"modified":"2026-01-05T14:03:30","modified_gmt":"2026-01-05T13:03:30","slug":"tapis-de-jeu-abricot-120x120cm","status":"publish","type":"product","link":"https:\/\/fh-staging.vengo.cloud\/fr-ch\/p\/spielmatte-apricot-120x120cm","title":{"rendered":"Tapis de jeu, abricot, 120x120cm"},"content":{"rendered":"<p>Le tapis de jeu pour enfants est fabriqu\u00e9 \u00e0 partir de mat\u00e9riaux de haute qualit\u00e9 sans substances nocives, qui sont \u00e9galement respectueux de l'environnement. Il est r\u00e9versible et disponible en deux couleurs diff\u00e9rentes. Le tapis a une surface antid\u00e9rapante et offre un excellent rembourrage en cas de petites chutes, formant ainsi un terrain de jeu parfait pour les plus petits d'entre nous.<\/p>\n<p>- Tapis d'\u00e9veil carr\u00e9 pour enfants en coton de haute qualit\u00e9 avec rembourrage en polyester<br \/>\n- Doux et rembourr\u00e9 avec un joli motif piqu\u00e9 en losange<br \/>\n- Exempt de produits chimiques et de mat\u00e9riaux contenant des substances nocives<br \/>\n- Id\u00e9al pour les b\u00e9b\u00e9s et les jeunes enfants qui rampent et jouent.<br \/>\n- 120 x 120 cm<\/p>","protected":false},"excerpt":{"rendered":"<p>Tapis de jeu \/ tapis d'\u00e9veil pour enfants en coton rose, 120 x 120 cm<\/p>","protected":false},"featured_media":65006,"template":"","meta":[],"product_brand":[],"product_cat":[60,23,31,59],"product_tag":[324],"woo-feed-brand":[],"class_list":{"0":"post-65007","1":"product","2":"type-product","3":"status-publish","4":"has-post-thumbnail","6":"product_cat-kindertextilien","7":"product_cat-home-living","8":"product_cat-heimtextilien","9":"product_cat-kids","10":"product_tag-marein-ag","12":"first","13":"instock","14":"taxable","15":"shipping-taxable","16":"purchasable","17":"product-type-simple"},"_links":{"self":[{"href":"https:\/\/fh-staging.vengo.cloud\/fr-ch\/wp-json\/wp\/v2\/product\/65007","targetHints":{"allow":["GET"]}}],"collection":[{"href":"https:\/\/fh-staging.vengo.cloud\/fr-ch\/wp-json\/wp\/v2\/product"}],"about":[{"href":"https:\/\/fh-staging.vengo.cloud\/fr-ch\/wp-json\/wp\/v2\/types\/product"}],"wp:featuredmedia":[{"embeddable":true,"href":"https:\/\/fh-staging.vengo.cloud\/fr-ch\/wp-json\/wp\/v2\/media\/65006"}],"wp:attachment":[{"href":"https:\/\/fh-staging.vengo.cloud\/fr-ch\/wp-json\/wp\/v2\/media?parent=65007"}],"wp:term":[{"taxonomy":"product_brand","embeddable":true,"href":"https:\/\/fh-staging.vengo.cloud\/fr-ch\/wp-json\/wp\/v2\/product_brand?post=65007"},{"taxonomy":"product_cat","embeddable":true,"href":"https:\/\/fh-staging.vengo.cloud\/fr-ch\/wp-json\/wp\/v2\/product_cat?post=65007"},{"taxonomy":"product_tag","embeddable":true,"href":"https:\/\/fh-staging.vengo.cloud\/fr-ch\/wp-json\/wp\/v2\/product_tag?post=65007"},{"taxonomy":"woo-feed-brand","embeddable":true,"href":"https:\/\/fh-staging.vengo.cloud\/fr-ch\/wp-json\/wp\/v2\/woo-feed-brand?post=65007"}],"curies":[{"name":"wp","href":"https:\/\/api.w.org\/{rel}","templated":true}]}}