{"id":65000,"date":"2025-10-13T15:45:46","date_gmt":"2025-10-13T13:45:46","guid":{"rendered":"https:\/\/fh-staging.vengo.cloud\/de-ch\/p\/wollteppich-khaki-70x140cm"},"modified":"2026-01-05T14:03:30","modified_gmt":"2026-01-05T13:03:30","slug":"tapis-kaki-70x140cm","status":"publish","type":"product","link":"https:\/\/fh-staging.vengo.cloud\/fr-ch\/p\/wollteppich-khaki-70x140cm","title":{"rendered":"Tapis en laine, kaki, 70x140cm"},"content":{"rendered":"<p>Ce tapis en laine de haute qualit\u00e9 avec un motif ethnique kaki, diffuse une touche de boho-chic. Les couleurs douces s'int\u00e8grent merveilleusement bien dans presque toutes les pi\u00e8ces.<br \/>\n100% Laine, 70 x 140 cm.<\/p>\n<p>- Tapis en laine avec des motifs tiss\u00e9s ethniques de couleur sauge et cr\u00e8me<br \/>\n- 60% laine, 40% coton<br \/>\n- Id\u00e9al pour les surfaces de taille moyenne<br \/>\n- Facile \u00e0 nettoyer, lavable \u00e0 30 degr\u00e9s<br \/>\n- Ne peluche pas<br \/>\n- 70 x 140 cm<\/p>","protected":false},"excerpt":{"rendered":"<p>Tapis en laine avec motif ethnique tiss\u00e9 couleur sauge, 70 x 140 cm<\/p>","protected":false},"featured_media":64999,"template":"","meta":[],"product_brand":[],"product_cat":[31,23],"product_tag":[324],"woo-feed-brand":[],"class_list":{"0":"post-65000","1":"product","2":"type-product","3":"status-publish","4":"has-post-thumbnail","6":"product_cat-heimtextilien","7":"product_cat-home-living","8":"product_tag-marein-ag","10":"first","11":"instock","12":"taxable","13":"shipping-taxable","14":"purchasable","15":"product-type-simple"},"_links":{"self":[{"href":"https:\/\/fh-staging.vengo.cloud\/fr-ch\/wp-json\/wp\/v2\/product\/65000","targetHints":{"allow":["GET"]}}],"collection":[{"href":"https:\/\/fh-staging.vengo.cloud\/fr-ch\/wp-json\/wp\/v2\/product"}],"about":[{"href":"https:\/\/fh-staging.vengo.cloud\/fr-ch\/wp-json\/wp\/v2\/types\/product"}],"wp:featuredmedia":[{"embeddable":true,"href":"https:\/\/fh-staging.vengo.cloud\/fr-ch\/wp-json\/wp\/v2\/media\/64999"}],"wp:attachment":[{"href":"https:\/\/fh-staging.vengo.cloud\/fr-ch\/wp-json\/wp\/v2\/media?parent=65000"}],"wp:term":[{"taxonomy":"product_brand","embeddable":true,"href":"https:\/\/fh-staging.vengo.cloud\/fr-ch\/wp-json\/wp\/v2\/product_brand?post=65000"},{"taxonomy":"product_cat","embeddable":true,"href":"https:\/\/fh-staging.vengo.cloud\/fr-ch\/wp-json\/wp\/v2\/product_cat?post=65000"},{"taxonomy":"product_tag","embeddable":true,"href":"https:\/\/fh-staging.vengo.cloud\/fr-ch\/wp-json\/wp\/v2\/product_tag?post=65000"},{"taxonomy":"woo-feed-brand","embeddable":true,"href":"https:\/\/fh-staging.vengo.cloud\/fr-ch\/wp-json\/wp\/v2\/woo-feed-brand?post=65000"}],"curies":[{"name":"wp","href":"https:\/\/api.w.org\/{rel}","templated":true}]}}