{"id":64938,"date":"2025-10-13T15:43:15","date_gmt":"2025-10-13T13:43:15","guid":{"rendered":"https:\/\/fh-staging.vengo.cloud\/de-ch\/p\/strickdecke-beige-130x170cm"},"modified":"2026-01-05T14:03:34","modified_gmt":"2026-01-05T13:03:34","slug":"couverture-tricotee-beige-130x170cm","status":"publish","type":"product","link":"https:\/\/fh-staging.vengo.cloud\/fr-ch\/p\/strickdecke-beige-130x170cm","title":{"rendered":"Couverture en tricot, beige, 130x170cm"},"content":{"rendered":"<p>Cette couverture en coton beige ultra douillette avec un motif tricot\u00e9 int\u00e9gr\u00e9 permet de se blottir merveilleusement bien sur le canap\u00e9. Le fil de coton de haute qualit\u00e9 assure une finition exceptionnellement douce.<\/p>\n<p>- Coton de qualit\u00e9 super doux dans une douce teinte beige<br \/>\n- Doux et moelleux<br \/>\n- Facile \u00e0 entretenir, lavable \u00e0 30 degr\u00e9s<br \/>\n- Tissage moderne en triangle<br \/>\n- Teinture de haute qualit\u00e9 qui ne se d\u00e9colore pas m\u00eame apr\u00e8s de nombreux lavages<br \/>\n- Mesure standard 130 x 170 cm<\/p>","protected":false},"excerpt":{"rendered":"<p>Couverture tricot\u00e9e douce en coton beige, 130 x 170 cm<\/p>","protected":false},"featured_media":64937,"template":"","meta":[],"product_brand":[],"product_cat":[31,23,909,1179,911],"product_tag":[324],"woo-feed-brand":[],"class_list":{"0":"post-64938","1":"product","2":"type-product","3":"status-publish","4":"has-post-thumbnail","6":"product_cat-heimtextilien","7":"product_cat-home-living","8":"product_cat-weihnachten","9":"product_cat-weihnachtsdeko","10":"product_cat-accessoires","11":"product_tag-marein-ag","13":"first","14":"instock","15":"taxable","16":"shipping-taxable","17":"purchasable","18":"product-type-simple"},"_links":{"self":[{"href":"https:\/\/fh-staging.vengo.cloud\/fr-ch\/wp-json\/wp\/v2\/product\/64938","targetHints":{"allow":["GET"]}}],"collection":[{"href":"https:\/\/fh-staging.vengo.cloud\/fr-ch\/wp-json\/wp\/v2\/product"}],"about":[{"href":"https:\/\/fh-staging.vengo.cloud\/fr-ch\/wp-json\/wp\/v2\/types\/product"}],"wp:featuredmedia":[{"embeddable":true,"href":"https:\/\/fh-staging.vengo.cloud\/fr-ch\/wp-json\/wp\/v2\/media\/64937"}],"wp:attachment":[{"href":"https:\/\/fh-staging.vengo.cloud\/fr-ch\/wp-json\/wp\/v2\/media?parent=64938"}],"wp:term":[{"taxonomy":"product_brand","embeddable":true,"href":"https:\/\/fh-staging.vengo.cloud\/fr-ch\/wp-json\/wp\/v2\/product_brand?post=64938"},{"taxonomy":"product_cat","embeddable":true,"href":"https:\/\/fh-staging.vengo.cloud\/fr-ch\/wp-json\/wp\/v2\/product_cat?post=64938"},{"taxonomy":"product_tag","embeddable":true,"href":"https:\/\/fh-staging.vengo.cloud\/fr-ch\/wp-json\/wp\/v2\/product_tag?post=64938"},{"taxonomy":"woo-feed-brand","embeddable":true,"href":"https:\/\/fh-staging.vengo.cloud\/fr-ch\/wp-json\/wp\/v2\/woo-feed-brand?post=64938"}],"curies":[{"name":"wp","href":"https:\/\/api.w.org\/{rel}","templated":true}]}}