{"id":64897,"date":"2025-10-13T15:41:27","date_gmt":"2025-10-13T13:41:27","guid":{"rendered":"https:\/\/fh-staging.vengo.cloud\/de-ch\/p\/bettueberwurf-khaki-220x240cm"},"modified":"2026-01-05T14:03:37","modified_gmt":"2026-01-05T13:03:37","slug":"jetee-de-lit-kaki-220x240cm","status":"publish","type":"product","link":"https:\/\/fh-staging.vengo.cloud\/fr-ch\/p\/bettueberwurf-khaki-220x240cm","title":{"rendered":"Couvre-lit, kaki, 220x240cm"},"content":{"rendered":"<p>Notre beau couvre-lit en mousseline de coton de qualit\u00e9 sup\u00e9rieure se distingue par sa structure piqu\u00e9e caract\u00e9ristique et apporte une touche chaleureuse et confortable comme couvre-lit dans la chambre \u00e0 coucher mais aussi comme couverture douillette sur le canap\u00e9. Les franges de couleur assortie sur le bord du couvre-lit compl\u00e8tent magnifiquement le look.<\/p>\n<p>- 100% Coton de qualit\u00e9<br \/>\n- Tissage de la mousseline<br \/>\n- Convient comme couvre-lit, jet\u00e9 de lit ou couverture de pique-nique<br \/>\n- \u00c9quilibre la temp\u00e9rature et respire<br \/>\n- Lavable \u00e0 40 degr\u00e9s<br \/>\n- Bord \u00e0 franges de couleur assortie<\/p>","protected":false},"excerpt":{"rendered":"<p>Couvre-lit en mousseline de coton bio olive, 220 x 240 cm<\/p>","protected":false},"featured_media":64896,"template":"","meta":[],"product_brand":[],"product_cat":[31,23],"product_tag":[324],"woo-feed-brand":[],"class_list":{"0":"post-64897","1":"product","2":"type-product","3":"status-publish","4":"has-post-thumbnail","6":"product_cat-heimtextilien","7":"product_cat-home-living","8":"product_tag-marein-ag","10":"first","11":"instock","12":"taxable","13":"shipping-taxable","14":"purchasable","15":"product-type-simple"},"_links":{"self":[{"href":"https:\/\/fh-staging.vengo.cloud\/fr-ch\/wp-json\/wp\/v2\/product\/64897","targetHints":{"allow":["GET"]}}],"collection":[{"href":"https:\/\/fh-staging.vengo.cloud\/fr-ch\/wp-json\/wp\/v2\/product"}],"about":[{"href":"https:\/\/fh-staging.vengo.cloud\/fr-ch\/wp-json\/wp\/v2\/types\/product"}],"wp:featuredmedia":[{"embeddable":true,"href":"https:\/\/fh-staging.vengo.cloud\/fr-ch\/wp-json\/wp\/v2\/media\/64896"}],"wp:attachment":[{"href":"https:\/\/fh-staging.vengo.cloud\/fr-ch\/wp-json\/wp\/v2\/media?parent=64897"}],"wp:term":[{"taxonomy":"product_brand","embeddable":true,"href":"https:\/\/fh-staging.vengo.cloud\/fr-ch\/wp-json\/wp\/v2\/product_brand?post=64897"},{"taxonomy":"product_cat","embeddable":true,"href":"https:\/\/fh-staging.vengo.cloud\/fr-ch\/wp-json\/wp\/v2\/product_cat?post=64897"},{"taxonomy":"product_tag","embeddable":true,"href":"https:\/\/fh-staging.vengo.cloud\/fr-ch\/wp-json\/wp\/v2\/product_tag?post=64897"},{"taxonomy":"woo-feed-brand","embeddable":true,"href":"https:\/\/fh-staging.vengo.cloud\/fr-ch\/wp-json\/wp\/v2\/woo-feed-brand?post=64897"}],"curies":[{"name":"wp","href":"https:\/\/api.w.org\/{rel}","templated":true}]}}