{"id":64854,"date":"2025-10-13T15:39:55","date_gmt":"2025-10-13T13:39:55","guid":{"rendered":"https:\/\/fh-staging.vengo.cloud\/de-ch\/p\/sol-kuechentuch-blauweiss-45x70"},"modified":"2026-01-05T14:03:38","modified_gmt":"2026-01-05T13:03:38","slug":"sol-linge-de-cuisine-bleu-blanc-45x70","status":"publish","type":"product","link":"https:\/\/fh-staging.vengo.cloud\/fr-ch\/p\/sol-kuechentuch-blauweiss-45x70","title":{"rendered":"Sol torchon de cuisine, bleu-blanc, 45\u00d770"},"content":{"rendered":"<p>Notre torchon de cuisine \"Sol\" est le compagnon id\u00e9al pour chaque cuisine ! Fabriqu\u00e9 \u00e0 partir d'un m\u00e9lange durable de coton et de lin dans un design \u00e0 rayures bleues et blanches, il n'attire pas seulement le regard, il est aussi extr\u00eamement fonctionnel.<br \/>\nAvec ses dimensions de 45 x 70 cm, il offre suffisamment de place pour essuyer facilement la vaisselle et les verres. Gr\u00e2ce \u00e0 la texture agr\u00e9able du tissu, les objets ne sont pas ray\u00e9s.<\/p>\n<p>Nous attachons une grande importance \u00e0 une production responsable et avons donc veill\u00e9 \u00e0 ce que ce produit soit \u00e9galement produit dans des conditions \u00e9quitables.<\/p>\n<p>- Torchon en m\u00e9lange coton-lin durable<br \/>\n- Avec boucle de suspension<br \/>\n- Dimensions : 45 x 70 cm<br \/>\n- Tr\u00e8s absorbant avec une texture agr\u00e9able qui ne raye pas la vaisselle et les verres<br \/>\n- Lavable \u00e0 40 degr\u00e9s<br \/>\n- Coton bio certifi\u00e9 Oeko-Tex Standard 100 et GOTS<br \/>\n- Fabriqu\u00e9 de mani\u00e8re responsable<\/p>","protected":false},"excerpt":{"rendered":"<p>Linge de cuisine \/ torchon \"Sol\" en m\u00e9lange coton-lin ray\u00e9 bleu et blanc, 45 cm x 70 cm<\/p>","protected":false},"featured_media":64853,"template":"","meta":[],"product_brand":[],"product_cat":[1100,42,1098],"product_tag":[324],"woo-feed-brand":[],"class_list":{"0":"post-64854","1":"product","2":"type-product","3":"status-publish","4":"has-post-thumbnail","6":"product_cat-kuechentextilien","7":"product_cat-kueche","8":"product_cat-textilien","9":"product_tag-marein-ag","11":"first","12":"instock","13":"taxable","14":"shipping-taxable","15":"purchasable","16":"product-type-simple"},"_links":{"self":[{"href":"https:\/\/fh-staging.vengo.cloud\/fr-ch\/wp-json\/wp\/v2\/product\/64854","targetHints":{"allow":["GET"]}}],"collection":[{"href":"https:\/\/fh-staging.vengo.cloud\/fr-ch\/wp-json\/wp\/v2\/product"}],"about":[{"href":"https:\/\/fh-staging.vengo.cloud\/fr-ch\/wp-json\/wp\/v2\/types\/product"}],"wp:featuredmedia":[{"embeddable":true,"href":"https:\/\/fh-staging.vengo.cloud\/fr-ch\/wp-json\/wp\/v2\/media\/64853"}],"wp:attachment":[{"href":"https:\/\/fh-staging.vengo.cloud\/fr-ch\/wp-json\/wp\/v2\/media?parent=64854"}],"wp:term":[{"taxonomy":"product_brand","embeddable":true,"href":"https:\/\/fh-staging.vengo.cloud\/fr-ch\/wp-json\/wp\/v2\/product_brand?post=64854"},{"taxonomy":"product_cat","embeddable":true,"href":"https:\/\/fh-staging.vengo.cloud\/fr-ch\/wp-json\/wp\/v2\/product_cat?post=64854"},{"taxonomy":"product_tag","embeddable":true,"href":"https:\/\/fh-staging.vengo.cloud\/fr-ch\/wp-json\/wp\/v2\/product_tag?post=64854"},{"taxonomy":"woo-feed-brand","embeddable":true,"href":"https:\/\/fh-staging.vengo.cloud\/fr-ch\/wp-json\/wp\/v2\/woo-feed-brand?post=64854"}],"curies":[{"name":"wp","href":"https:\/\/api.w.org\/{rel}","templated":true}]}}