{"id":64834,"date":"2025-10-13T15:39:04","date_gmt":"2025-10-13T13:39:04","guid":{"rendered":"https:\/\/fh-staging.vengo.cloud\/de-ch\/p\/razzy-kissen-gruen-12x50cm"},"modified":"2026-01-05T14:03:39","modified_gmt":"2026-01-05T13:03:39","slug":"razzy-coussin-vert-12x50cm","status":"publish","type":"product","link":"https:\/\/fh-staging.vengo.cloud\/fr-ch\/p\/razzy-kissen-gruen-12x50cm","title":{"rendered":"Razzy coussin vert, 12x50cm"},"content":{"rendered":"<p>Ce coussin d\u00e9coratif\/pour si\u00e8ge en forme de fleur est un magnifique accessoire pour n'importe quelle pi\u00e8ce. Avec un diam\u00e8tre de 50 cm et une hauteur de 12 cm, il offre non seulement un si\u00e8ge confortable, mais sert \u00e9galement de d\u00e9coration \u00e9l\u00e9gante. Le joli vert du coussin donne une touche de fra\u00eecheur \u00e0 chaque pi\u00e8ce et la forme de fleur cr\u00e9e une atmosph\u00e8re ludique. Le coussin est fabriqu\u00e9 avec des mat\u00e9riaux de haute qualit\u00e9 et offre donc \u00e0 la fois confort et durabilit\u00e9. Que ce soit comme coussin d'assise sur une chaise ou comme d\u00e9coration sur un lit ou un canap\u00e9, ce coussin \u00e0 fleurs est un \u00e9l\u00e9ment unique et charmant dans chaque pi\u00e8ce.<\/p>\n<p>- En coton de qualit\u00e9 100%<br \/>\n- Peut \u00eatre utilis\u00e9 comme coussin d'assise et coussin d\u00e9coratif<br \/>\n- Rembourrage de coussin inclus<br \/>\n- diam\u00e8tre 50 cm<\/p>","protected":false},"excerpt":{"rendered":"<p>Coussin d\u00e9coratif en forme de fleur \/ coussin d'assise en vert \u00d8 50 cm x H 12 cm<\/p>","protected":false},"featured_media":64833,"template":"","meta":[],"product_brand":[],"product_cat":[31,23,59,60,64],"product_tag":[324],"woo-feed-brand":[],"class_list":{"0":"post-64834","1":"product","2":"type-product","3":"status-publish","4":"has-post-thumbnail","6":"product_cat-heimtextilien","7":"product_cat-home-living","8":"product_cat-kids","9":"product_cat-kindertextilien","10":"product_cat-kinderzimmer-deko","11":"product_tag-marein-ag","13":"first","14":"instock","15":"taxable","16":"shipping-taxable","17":"purchasable","18":"product-type-simple"},"_links":{"self":[{"href":"https:\/\/fh-staging.vengo.cloud\/fr-ch\/wp-json\/wp\/v2\/product\/64834","targetHints":{"allow":["GET"]}}],"collection":[{"href":"https:\/\/fh-staging.vengo.cloud\/fr-ch\/wp-json\/wp\/v2\/product"}],"about":[{"href":"https:\/\/fh-staging.vengo.cloud\/fr-ch\/wp-json\/wp\/v2\/types\/product"}],"wp:featuredmedia":[{"embeddable":true,"href":"https:\/\/fh-staging.vengo.cloud\/fr-ch\/wp-json\/wp\/v2\/media\/64833"}],"wp:attachment":[{"href":"https:\/\/fh-staging.vengo.cloud\/fr-ch\/wp-json\/wp\/v2\/media?parent=64834"}],"wp:term":[{"taxonomy":"product_brand","embeddable":true,"href":"https:\/\/fh-staging.vengo.cloud\/fr-ch\/wp-json\/wp\/v2\/product_brand?post=64834"},{"taxonomy":"product_cat","embeddable":true,"href":"https:\/\/fh-staging.vengo.cloud\/fr-ch\/wp-json\/wp\/v2\/product_cat?post=64834"},{"taxonomy":"product_tag","embeddable":true,"href":"https:\/\/fh-staging.vengo.cloud\/fr-ch\/wp-json\/wp\/v2\/product_tag?post=64834"},{"taxonomy":"woo-feed-brand","embeddable":true,"href":"https:\/\/fh-staging.vengo.cloud\/fr-ch\/wp-json\/wp\/v2\/woo-feed-brand?post=64834"}],"curies":[{"name":"wp","href":"https:\/\/api.w.org\/{rel}","templated":true}]}}