{"id":64814,"date":"2025-10-13T15:38:24","date_gmt":"2025-10-13T13:38:24","guid":{"rendered":"https:\/\/fh-staging.vengo.cloud\/de-ch\/p\/holzbrett-38-x-18x-1-2-cm"},"modified":"2026-01-05T14:03:41","modified_gmt":"2026-01-05T13:03:41","slug":"planche-en-bois-38-x-18x-1-2-cm","status":"publish","type":"product","link":"https:\/\/fh-staging.vengo.cloud\/fr-ch\/p\/holzbrett-38-x-18x-1-2-cm","title":{"rendered":"Planche en bois, 38 x 18x 1.2 cm"},"content":{"rendered":"<p>Le bois est un mat\u00e9riau sp\u00e9cial qui se pr\u00eate parfaitement \u00e0 divers travaux cr\u00e9atifs. Tu peux le peindre avec les couleurs que tu aimes ou les petits enfants peuvent y coller des paillettes, de la mousse, des stickers, etc. C'est plus amusant de couper. Avec la planche en bois, tu peux pr\u00e9parer tes ingr\u00e9dients et les servir. La planche est \u00e9galement id\u00e9ale pour la pyrogravure.<\/p>\n<p>- 38 x 18 x 1.2 cm<br \/>\n- 1 pi\u00e8ce<\/p>","protected":false},"excerpt":{"rendered":"<p>Planche en bois rectangulaire \/ planche \u00e0 d\u00e9couper, 38 x 18 x 1.2 cm<\/p>","protected":false},"featured_media":65921,"template":"","meta":[],"product_brand":[],"product_cat":[44,42,1108,1104,43],"product_tag":[324],"woo-feed-brand":[],"class_list":{"0":"post-64814","1":"product","2":"type-product","3":"status-publish","4":"has-post-thumbnail","6":"product_cat-kuechenhelfer","7":"product_cat-kueche","8":"product_cat-tabletts","9":"product_cat-tischakzente","10":"product_cat-gedeckter-tisch","11":"product_tag-marein-ag","13":"first","14":"instock","15":"taxable","16":"shipping-taxable","17":"purchasable","18":"product-type-simple"},"_links":{"self":[{"href":"https:\/\/fh-staging.vengo.cloud\/fr-ch\/wp-json\/wp\/v2\/product\/64814","targetHints":{"allow":["GET"]}}],"collection":[{"href":"https:\/\/fh-staging.vengo.cloud\/fr-ch\/wp-json\/wp\/v2\/product"}],"about":[{"href":"https:\/\/fh-staging.vengo.cloud\/fr-ch\/wp-json\/wp\/v2\/types\/product"}],"wp:featuredmedia":[{"embeddable":true,"href":"https:\/\/fh-staging.vengo.cloud\/fr-ch\/wp-json\/wp\/v2\/media\/65921"}],"wp:attachment":[{"href":"https:\/\/fh-staging.vengo.cloud\/fr-ch\/wp-json\/wp\/v2\/media?parent=64814"}],"wp:term":[{"taxonomy":"product_brand","embeddable":true,"href":"https:\/\/fh-staging.vengo.cloud\/fr-ch\/wp-json\/wp\/v2\/product_brand?post=64814"},{"taxonomy":"product_cat","embeddable":true,"href":"https:\/\/fh-staging.vengo.cloud\/fr-ch\/wp-json\/wp\/v2\/product_cat?post=64814"},{"taxonomy":"product_tag","embeddable":true,"href":"https:\/\/fh-staging.vengo.cloud\/fr-ch\/wp-json\/wp\/v2\/product_tag?post=64814"},{"taxonomy":"woo-feed-brand","embeddable":true,"href":"https:\/\/fh-staging.vengo.cloud\/fr-ch\/wp-json\/wp\/v2\/woo-feed-brand?post=64814"}],"curies":[{"name":"wp","href":"https:\/\/api.w.org\/{rel}","templated":true}]}}