{"id":64671,"date":"2025-10-13T15:29:20","date_gmt":"2025-10-13T13:29:20","guid":{"rendered":"https:\/\/fh-staging.vengo.cloud\/de-ch\/p\/kindergeschirrset-terra"},"modified":"2026-01-05T14:03:47","modified_gmt":"2026-01-05T13:03:47","slug":"set-de-vaisselle-pour-enfants-terra","status":"publish","type":"product","link":"https:\/\/fh-staging.vengo.cloud\/fr-ch\/p\/kindergeschirrset-terra","title":{"rendered":"Set de vaisselle pour enfants, Terra"},"content":{"rendered":"<p>Notre set de vaisselle pour enfants \"chat\" en couleur terra n'est pas seulement pratique, il est aussi super mignon. L'ensemble comprend un set de table en forme de chat, 2 assiettes avec ventouses de diff\u00e9rentes tailles, un gobelet avec paille, un bavoir avec bac de r\u00e9cup\u00e9ration ainsi qu'une fourchette et une cuill\u00e8re. Fabriqu\u00e9 \u00e0 partir de mat\u00e9riaux en silicone s\u00fbrs, l'ensemble est lavable au lave-vaisselle et facile \u00e0 nettoyer. Emball\u00e9 dans un joli paquet, c'est un cadeau id\u00e9al pour les enfants. Ce set de vaisselle rend l'apprentissage des repas non seulement confortable mais aussi amusant.<\/p>\n<p>- Set de vaisselle en silicone couleur terra<br \/>\n- 1 x set de table en forme de chat, 2 x assiettes en forme de chat de diff\u00e9rentes tailles avec ventouse, 1 x gobelet avec paille, 1 x bavoir avec bac de r\u00e9cup\u00e9ration, 1 x fourchette, 1 x cuill\u00e8re<br \/>\n- R\u00e9sistant au lave-vaisselle<br \/>\n- Cadeau id\u00e9al gr\u00e2ce au bel emballage<br \/>\n- Silicone certifi\u00e9 sans BPA et de qualit\u00e9 alimentaire, approuv\u00e9 par SGS &amp; FDA<\/p>","protected":false},"excerpt":{"rendered":"<p>Set de vaisselle pour enfants \u201cChat\u201d, en silicone vert\/beige\/gris, avec assiettes, couverts, gobelets, set de table et bavoir<\/p>","protected":false},"featured_media":64670,"template":"","meta":[],"product_brand":[],"product_cat":[61,909,916,59],"product_tag":[324],"woo-feed-brand":[],"class_list":{"0":"post-64671","1":"product","2":"type-product","3":"status-publish","4":"has-post-thumbnail","6":"product_cat-kindergeschirr","7":"product_cat-weihnachten","8":"product_cat-praesente","9":"product_cat-kids","10":"product_tag-marein-ag","12":"first","13":"instock","14":"taxable","15":"shipping-taxable","16":"purchasable","17":"product-type-simple"},"_links":{"self":[{"href":"https:\/\/fh-staging.vengo.cloud\/fr-ch\/wp-json\/wp\/v2\/product\/64671","targetHints":{"allow":["GET"]}}],"collection":[{"href":"https:\/\/fh-staging.vengo.cloud\/fr-ch\/wp-json\/wp\/v2\/product"}],"about":[{"href":"https:\/\/fh-staging.vengo.cloud\/fr-ch\/wp-json\/wp\/v2\/types\/product"}],"wp:featuredmedia":[{"embeddable":true,"href":"https:\/\/fh-staging.vengo.cloud\/fr-ch\/wp-json\/wp\/v2\/media\/64670"}],"wp:attachment":[{"href":"https:\/\/fh-staging.vengo.cloud\/fr-ch\/wp-json\/wp\/v2\/media?parent=64671"}],"wp:term":[{"taxonomy":"product_brand","embeddable":true,"href":"https:\/\/fh-staging.vengo.cloud\/fr-ch\/wp-json\/wp\/v2\/product_brand?post=64671"},{"taxonomy":"product_cat","embeddable":true,"href":"https:\/\/fh-staging.vengo.cloud\/fr-ch\/wp-json\/wp\/v2\/product_cat?post=64671"},{"taxonomy":"product_tag","embeddable":true,"href":"https:\/\/fh-staging.vengo.cloud\/fr-ch\/wp-json\/wp\/v2\/product_tag?post=64671"},{"taxonomy":"woo-feed-brand","embeddable":true,"href":"https:\/\/fh-staging.vengo.cloud\/fr-ch\/wp-json\/wp\/v2\/woo-feed-brand?post=64671"}],"curies":[{"name":"wp","href":"https:\/\/api.w.org\/{rel}","templated":true}]}}