{"id":64643,"date":"2025-10-13T15:28:22","date_gmt":"2025-10-13T13:28:22","guid":{"rendered":"https:\/\/fh-staging.vengo.cloud\/de-ch\/p\/kerzenstaender-gold-17cm"},"modified":"2026-01-05T14:03:48","modified_gmt":"2026-01-05T13:03:48","slug":"bougeoir-or-17cm","status":"publish","type":"product","link":"https:\/\/fh-staging.vengo.cloud\/fr-ch\/p\/kerzenstaender-gold-17cm","title":{"rendered":"Bougeoir, dor\u00e9, 17cm"},"content":{"rendered":"<p>Ce bougeoir donne \u00e0 ta maison un look super \u00e9l\u00e9gant et est super beau sur la table de la salle \u00e0 manger avec une belle bougie tige. Le bougeoir est disponible chez nous en diff\u00e9rentes couleurs et en deux tailles.<\/p>\n<p>- Chandelier pour bougies tubulaires et pointues en m\u00e9tal avec une finition dor\u00e9e brillante<br \/>\n- Id\u00e9al pour les occasions comme les mariages ou les f\u00eates<br \/>\n- Disponible en diff\u00e9rentes hauteurs (17,5 cm et 27 cm) pour des combinaisons particuli\u00e8rement harmonieuses<br \/>\n- Convient \u00e0 la plupart des bougies standard (2,2 cm)<br \/>\n- Les bougeoirs sont \u00e9quip\u00e9s de fonds en velours pour \u00e9viter de rayer les meubles<\/p>","protected":false},"excerpt":{"rendered":"<p>Bougeoir pour bougies sur tige en or, 17.5 cm<\/p>","protected":false},"featured_media":64642,"template":"","meta":[],"product_brand":[],"product_cat":[23,984,994,909,1179,104,911,28],"product_tag":[324],"woo-feed-brand":[],"class_list":{"0":"post-64643","1":"product","2":"type-product","3":"status-publish","4":"has-post-thumbnail","6":"product_cat-home-living","7":"product_cat-silvester","8":"product_cat-silvestertisch","9":"product_cat-weihnachten","10":"product_cat-weihnachtsdeko","11":"product_cat-kerzenhalter","12":"product_cat-accessoires","13":"product_cat-kerzen-lichter","14":"product_tag-marein-ag","16":"first","17":"instock","18":"taxable","19":"shipping-taxable","20":"purchasable","21":"product-type-simple"},"_links":{"self":[{"href":"https:\/\/fh-staging.vengo.cloud\/fr-ch\/wp-json\/wp\/v2\/product\/64643","targetHints":{"allow":["GET"]}}],"collection":[{"href":"https:\/\/fh-staging.vengo.cloud\/fr-ch\/wp-json\/wp\/v2\/product"}],"about":[{"href":"https:\/\/fh-staging.vengo.cloud\/fr-ch\/wp-json\/wp\/v2\/types\/product"}],"wp:featuredmedia":[{"embeddable":true,"href":"https:\/\/fh-staging.vengo.cloud\/fr-ch\/wp-json\/wp\/v2\/media\/64642"}],"wp:attachment":[{"href":"https:\/\/fh-staging.vengo.cloud\/fr-ch\/wp-json\/wp\/v2\/media?parent=64643"}],"wp:term":[{"taxonomy":"product_brand","embeddable":true,"href":"https:\/\/fh-staging.vengo.cloud\/fr-ch\/wp-json\/wp\/v2\/product_brand?post=64643"},{"taxonomy":"product_cat","embeddable":true,"href":"https:\/\/fh-staging.vengo.cloud\/fr-ch\/wp-json\/wp\/v2\/product_cat?post=64643"},{"taxonomy":"product_tag","embeddable":true,"href":"https:\/\/fh-staging.vengo.cloud\/fr-ch\/wp-json\/wp\/v2\/product_tag?post=64643"},{"taxonomy":"woo-feed-brand","embeddable":true,"href":"https:\/\/fh-staging.vengo.cloud\/fr-ch\/wp-json\/wp\/v2\/woo-feed-brand?post=64643"}],"curies":[{"name":"wp","href":"https:\/\/api.w.org\/{rel}","templated":true}]}}