{"id":64633,"date":"2025-10-13T15:28:06","date_gmt":"2025-10-13T13:28:06","guid":{"rendered":"https:\/\/fh-staging.vengo.cloud\/de-ch\/p\/stoffblumentopf-jute-14cm"},"modified":"2026-01-05T14:03:49","modified_gmt":"2026-01-05T13:03:49","slug":"pot-de-fleurs-en-tissu-jute-14cm","status":"publish","type":"product","link":"https:\/\/fh-staging.vengo.cloud\/fr-ch\/p\/stoffblumentopf-jute-14cm","title":{"rendered":"Pot de fleurs en tissu, jute, 14cm"},"content":{"rendered":"<p>Gr\u00e2ce au film plastique int\u00e9gr\u00e9, ce petit panier en jute est id\u00e9al pour planter des plantes ou pour ranger les ustensiles de salle de bain qui risquent de couler.<\/p>\n<p>- Le panier est \u00e9tanche gr\u00e2ce au film<br \/>\n- Convient pour les petites plantes de jardin ou pour ranger les produits liquides<br \/>\n- Le panier a un diam\u00e8tre de 13 cm x une hauteur de 14 cm.<\/p>","protected":false},"excerpt":{"rendered":"<p>Panier en jute \/ pot de fleurs en tissu avec film int\u00e9gr\u00e9 et poign\u00e9e en corde, \u00d8 13 cm x H 14 cm<\/p>","protected":false},"featured_media":66539,"template":"","meta":[],"product_brand":[],"product_cat":[27,23,1198],"product_tag":[324],"woo-feed-brand":[],"class_list":{"0":"post-64633","1":"product","2":"type-product","3":"status-publish","4":"has-post-thumbnail","6":"product_cat-vasen-gefaesse","7":"product_cat-home-living","8":"product_cat-toepfe","9":"product_tag-marein-ag","11":"first","12":"instock","13":"taxable","14":"shipping-taxable","15":"purchasable","16":"product-type-simple"},"_links":{"self":[{"href":"https:\/\/fh-staging.vengo.cloud\/fr-ch\/wp-json\/wp\/v2\/product\/64633","targetHints":{"allow":["GET"]}}],"collection":[{"href":"https:\/\/fh-staging.vengo.cloud\/fr-ch\/wp-json\/wp\/v2\/product"}],"about":[{"href":"https:\/\/fh-staging.vengo.cloud\/fr-ch\/wp-json\/wp\/v2\/types\/product"}],"wp:featuredmedia":[{"embeddable":true,"href":"https:\/\/fh-staging.vengo.cloud\/fr-ch\/wp-json\/wp\/v2\/media\/66539"}],"wp:attachment":[{"href":"https:\/\/fh-staging.vengo.cloud\/fr-ch\/wp-json\/wp\/v2\/media?parent=64633"}],"wp:term":[{"taxonomy":"product_brand","embeddable":true,"href":"https:\/\/fh-staging.vengo.cloud\/fr-ch\/wp-json\/wp\/v2\/product_brand?post=64633"},{"taxonomy":"product_cat","embeddable":true,"href":"https:\/\/fh-staging.vengo.cloud\/fr-ch\/wp-json\/wp\/v2\/product_cat?post=64633"},{"taxonomy":"product_tag","embeddable":true,"href":"https:\/\/fh-staging.vengo.cloud\/fr-ch\/wp-json\/wp\/v2\/product_tag?post=64633"},{"taxonomy":"woo-feed-brand","embeddable":true,"href":"https:\/\/fh-staging.vengo.cloud\/fr-ch\/wp-json\/wp\/v2\/woo-feed-brand?post=64633"}],"curies":[{"name":"wp","href":"https:\/\/api.w.org\/{rel}","templated":true}]}}