{"id":6463,"date":"2020-03-31T17:48:16","date_gmt":"2020-03-31T15:48:16","guid":{"rendered":"https:\/\/fh-staging.vengo.cloud\/?product=rosenbox-in-bordeauxrot-samt-mit-4-stabilisierten-rosen-pink-champagne-o-10-cm"},"modified":"2025-04-01T06:57:55","modified_gmt":"2025-04-01T04:57:55","slug":"boite-a-roses-en-velours-bordeaux-avec-4-roses-stabilisees-pink-champagne-o-10-cm","status":"publish","type":"product","link":"https:\/\/fh-staging.vengo.cloud\/fr-ch\/p\/rosenbox-in-bordeauxrot-samt-mit-4-stabilisierten-rosen-pink-champagne-o-10-cm","title":{"rendered":"Bo\u00eete \u00e0 roses en velours rouge bordeaux, avec 4 roses stabilis\u00e9es Pink Champagne, \u00d8 10 cm"},"content":{"rendered":"<p style=\"text-align: left\">Bo\u00eete \u00e0 roses en velours rouge bordeaux, avec 4 roses stabilis\u00e9es Pink Champagne, \u00d8 10 cm<\/p>\n<p style=\"text-align: left\">Les roses stabilis\u00e9es, \u00e9galement appel\u00e9es roses \u00e0 l'infini, sont de v\u00e9ritables et magnifiques roses conserv\u00e9es qui durent au moins 2 \u00e0 3 ans.<\/p>\n<p style=\"text-align: left\">La bo\u00eete \u00e0 roses (\u00d8 environ 10 cm, H environ 16 cm) est classique et \u00e9l\u00e9gante dans son design, avec un magnifique tissu en velours et fera longtemps plaisir \u00e0 ta maison ou \u00e0 toute personne \u00e0 qui tu l'offres.<\/p>\n<p style=\"text-align: left\">En tant que merveilleuse d\u00e9coration ou cadeau, un vrai coup de c\u0153ur.<\/p>\n<p style=\"text-align: left\"><strong>Conseils d'entretien pour les roses Infinity :<\/strong><\/p>\n<p style=\"text-align: left\">Ne pas mettre dans l'eau ; ne pas placer dans un environnement humide.<\/p>\n<p style=\"text-align: left\">\u00c9viter l'emplacement avec une forte exposition au soleil.<\/p>\n<p style=\"text-align: left\">Pour l'entretien ou le nettoyage, un pinceau doux est id\u00e9al pour enlever la poussi\u00e8re avec pr\u00e9caution.<\/p>","protected":false},"excerpt":{"rendered":"<p>Bo\u00eete \u00e0 roses en velours rouge bordeaux, avec 4 roses stabilis\u00e9es Pink Champagne, \u00d8 10 cm<\/p>","protected":false},"featured_media":6464,"template":"","meta":[],"product_brand":[],"product_cat":[102,23,26,52,55],"product_tag":[294],"woo-feed-brand":[],"class_list":{"0":"post-6463","1":"product","2":"type-product","3":"status-publish","4":"has-post-thumbnail","6":"product_cat-infinity-rosen","7":"product_cat-home-living","8":"product_cat-blumen-pflanzen","9":"product_cat-geschenke","10":"product_cat-blumige-geschenke","11":"product_tag-the-bloomery","13":"first","14":"instock","15":"taxable","16":"shipping-taxable","17":"purchasable","18":"product-type-simple"},"_links":{"self":[{"href":"https:\/\/fh-staging.vengo.cloud\/fr-ch\/wp-json\/wp\/v2\/product\/6463","targetHints":{"allow":["GET"]}}],"collection":[{"href":"https:\/\/fh-staging.vengo.cloud\/fr-ch\/wp-json\/wp\/v2\/product"}],"about":[{"href":"https:\/\/fh-staging.vengo.cloud\/fr-ch\/wp-json\/wp\/v2\/types\/product"}],"wp:featuredmedia":[{"embeddable":true,"href":"https:\/\/fh-staging.vengo.cloud\/fr-ch\/wp-json\/wp\/v2\/media\/6464"}],"wp:attachment":[{"href":"https:\/\/fh-staging.vengo.cloud\/fr-ch\/wp-json\/wp\/v2\/media?parent=6463"}],"wp:term":[{"taxonomy":"product_brand","embeddable":true,"href":"https:\/\/fh-staging.vengo.cloud\/fr-ch\/wp-json\/wp\/v2\/product_brand?post=6463"},{"taxonomy":"product_cat","embeddable":true,"href":"https:\/\/fh-staging.vengo.cloud\/fr-ch\/wp-json\/wp\/v2\/product_cat?post=6463"},{"taxonomy":"product_tag","embeddable":true,"href":"https:\/\/fh-staging.vengo.cloud\/fr-ch\/wp-json\/wp\/v2\/product_tag?post=6463"},{"taxonomy":"woo-feed-brand","embeddable":true,"href":"https:\/\/fh-staging.vengo.cloud\/fr-ch\/wp-json\/wp\/v2\/woo-feed-brand?post=6463"}],"curies":[{"name":"wp","href":"https:\/\/api.w.org\/{rel}","templated":true}]}}