{"id":64576,"date":"2025-10-13T15:26:10","date_gmt":"2025-10-13T13:26:10","guid":{"rendered":"https:\/\/fh-staging.vengo.cloud\/de-ch\/p\/kerzenstaender-gold-6-5cm"},"modified":"2026-01-05T14:03:53","modified_gmt":"2026-01-05T13:03:53","slug":"bougeoir-or-6-5cm","status":"publish","type":"product","link":"https:\/\/fh-staging.vengo.cloud\/fr-ch\/p\/kerzenstaender-gold-6-5cm","title":{"rendered":"Chandelier, dor\u00e9, 6.5cm"},"content":{"rendered":"<p>Ce bougeoir est tr\u00e8s joli comme d\u00e9coration suppl\u00e9mentaire dans ta maison. Une belle bougie tige qui apporte un peu de chaleur ne fait jamais de mal. Le bougeoir est disponible en deux tailles.<\/p>\n<p>- Chandelier pour bougies tubulaires et pointues en m\u00e9tal avec une finition dor\u00e9e brillante<br \/>\n- Id\u00e9al pour les occasions comme les mariages ou les f\u00eates<br \/>\n- Disponible en diff\u00e9rentes hauteurs (6,5 cm et 9 cm) pour des combinaisons particuli\u00e8rement harmonieuses<br \/>\n- Convient \u00e0 la plupart des bougies standard (2 cm)<br \/>\n- Les bougeoirs sont \u00e9quip\u00e9s de fonds en velours pour prot\u00e9ger les meubles des rayures<\/p>","protected":false},"excerpt":{"rendered":"<p>Bougeoir profond pour bougies tige en or, 6.5 cm<\/p>","protected":false},"featured_media":64575,"template":"","meta":[],"product_brand":[],"product_cat":[104,23,909,1179,911,28],"product_tag":[324],"woo-feed-brand":[],"class_list":{"0":"post-64576","1":"product","2":"type-product","3":"status-publish","4":"has-post-thumbnail","6":"product_cat-kerzenhalter","7":"product_cat-home-living","8":"product_cat-weihnachten","9":"product_cat-weihnachtsdeko","10":"product_cat-accessoires","11":"product_cat-kerzen-lichter","12":"product_tag-marein-ag","14":"first","15":"instock","16":"taxable","17":"shipping-taxable","18":"purchasable","19":"product-type-simple"},"_links":{"self":[{"href":"https:\/\/fh-staging.vengo.cloud\/fr-ch\/wp-json\/wp\/v2\/product\/64576","targetHints":{"allow":["GET"]}}],"collection":[{"href":"https:\/\/fh-staging.vengo.cloud\/fr-ch\/wp-json\/wp\/v2\/product"}],"about":[{"href":"https:\/\/fh-staging.vengo.cloud\/fr-ch\/wp-json\/wp\/v2\/types\/product"}],"wp:featuredmedia":[{"embeddable":true,"href":"https:\/\/fh-staging.vengo.cloud\/fr-ch\/wp-json\/wp\/v2\/media\/64575"}],"wp:attachment":[{"href":"https:\/\/fh-staging.vengo.cloud\/fr-ch\/wp-json\/wp\/v2\/media?parent=64576"}],"wp:term":[{"taxonomy":"product_brand","embeddable":true,"href":"https:\/\/fh-staging.vengo.cloud\/fr-ch\/wp-json\/wp\/v2\/product_brand?post=64576"},{"taxonomy":"product_cat","embeddable":true,"href":"https:\/\/fh-staging.vengo.cloud\/fr-ch\/wp-json\/wp\/v2\/product_cat?post=64576"},{"taxonomy":"product_tag","embeddable":true,"href":"https:\/\/fh-staging.vengo.cloud\/fr-ch\/wp-json\/wp\/v2\/product_tag?post=64576"},{"taxonomy":"woo-feed-brand","embeddable":true,"href":"https:\/\/fh-staging.vengo.cloud\/fr-ch\/wp-json\/wp\/v2\/woo-feed-brand?post=64576"}],"curies":[{"name":"wp","href":"https:\/\/api.w.org\/{rel}","templated":true}]}}