{"id":64565,"date":"2025-10-13T15:25:42","date_gmt":"2025-10-13T13:25:42","guid":{"rendered":"https:\/\/fh-staging.vengo.cloud\/de-ch\/p\/laterne-schwarz-41cm"},"modified":"2026-01-05T14:03:54","modified_gmt":"2026-01-05T13:03:54","slug":"lanterne-noire-41cm","status":"publish","type":"product","link":"https:\/\/fh-staging.vengo.cloud\/fr-ch\/p\/laterne-schwarz-41cm","title":{"rendered":"Lanterne, noir, 41cm"},"content":{"rendered":"<p>Cette lanterne avec ses poin\u00e7onnages d\u00e9licats dans le m\u00e9tal noir assure une lumi\u00e8re de bougie particuli\u00e8rement belle. L'anse dor\u00e9e compl\u00e8te joliment la lanterne. Elle est disponible en deux tailles et est particuli\u00e8rement belle lorsqu'elle est combin\u00e9e.<\/p>\n<p>- Convient aux petites et grandes bougies<br \/>\n- Le poin\u00e7onnage donne une lumi\u00e8re magnifique<br \/>\n- Peut \u00eatre suspendu ou servir de d\u00e9coration de sol<br \/>\n- Dimensions : H 41 cm x D 30 cm<\/p>","protected":false},"excerpt":{"rendered":"<p>Lanterne avec des estampes d\u00e9licates et une anse dor\u00e9e, 41 cm<\/p>","protected":false},"featured_media":64564,"template":"","meta":[],"product_brand":[],"product_cat":[108,23,28,34,35],"product_tag":[324],"woo-feed-brand":[],"class_list":{"0":"post-64565","1":"product","2":"type-product","3":"status-publish","4":"has-post-thumbnail","6":"product_cat-lichterketten-laternen","7":"product_cat-home-living","8":"product_cat-kerzen-lichter","9":"product_cat-garten-balkon","10":"product_cat-gartendeko","11":"product_tag-marein-ag","13":"first","14":"instock","15":"taxable","16":"shipping-taxable","17":"purchasable","18":"product-type-simple"},"_links":{"self":[{"href":"https:\/\/fh-staging.vengo.cloud\/fr-ch\/wp-json\/wp\/v2\/product\/64565","targetHints":{"allow":["GET"]}}],"collection":[{"href":"https:\/\/fh-staging.vengo.cloud\/fr-ch\/wp-json\/wp\/v2\/product"}],"about":[{"href":"https:\/\/fh-staging.vengo.cloud\/fr-ch\/wp-json\/wp\/v2\/types\/product"}],"wp:featuredmedia":[{"embeddable":true,"href":"https:\/\/fh-staging.vengo.cloud\/fr-ch\/wp-json\/wp\/v2\/media\/64564"}],"wp:attachment":[{"href":"https:\/\/fh-staging.vengo.cloud\/fr-ch\/wp-json\/wp\/v2\/media?parent=64565"}],"wp:term":[{"taxonomy":"product_brand","embeddable":true,"href":"https:\/\/fh-staging.vengo.cloud\/fr-ch\/wp-json\/wp\/v2\/product_brand?post=64565"},{"taxonomy":"product_cat","embeddable":true,"href":"https:\/\/fh-staging.vengo.cloud\/fr-ch\/wp-json\/wp\/v2\/product_cat?post=64565"},{"taxonomy":"product_tag","embeddable":true,"href":"https:\/\/fh-staging.vengo.cloud\/fr-ch\/wp-json\/wp\/v2\/product_tag?post=64565"},{"taxonomy":"woo-feed-brand","embeddable":true,"href":"https:\/\/fh-staging.vengo.cloud\/fr-ch\/wp-json\/wp\/v2\/woo-feed-brand?post=64565"}],"curies":[{"name":"wp","href":"https:\/\/api.w.org\/{rel}","templated":true}]}}