{"id":64559,"date":"2025-10-13T15:25:32","date_gmt":"2025-10-13T13:25:32","guid":{"rendered":"https:\/\/fh-staging.vengo.cloud\/de-ch\/p\/scandi-vase-gerillt-grau"},"modified":"2026-01-05T14:05:18","modified_gmt":"2026-01-05T13:05:18","slug":"scandi-vase-rainure-gris-2","status":"publish","type":"product","link":"https:\/\/fh-staging.vengo.cloud\/fr-ch\/p\/scandi-vase-gerillt-grau-2","title":{"rendered":"Scandi vase, rainur\u00e9, gris"},"content":{"rendered":"<p>Vase moderne en blanc au style \u00e9pur\u00e9 avec un l\u00e9ger motif de combustion brun et une surface lisse. Ce vase simple s'int\u00e8gre merveilleusement bien dans n'importe quelle maison et est disponible en deux tailles, ce qui permet de cr\u00e9er des combinaisons particuli\u00e8rement jolies.<\/p>\n<p>- Fa\u00efence de haute qualit\u00e9 et durable avec un motif de cuisson fin<br \/>\n- Id\u00e9al pour les fleurs coup\u00e9es, les fleurs s\u00e9ch\u00e9es ou les d\u00e9corations<br \/>\n- Fa\u00efence de haute qualit\u00e9 avec un fin motif de cuisson<br \/>\n- Contient 700 ml de liquide<br \/>\n- Ouverture 7.5 cm, diam\u00e8tre 8.5 cm, \u00e9paisseur 0.5cm, hauteur 16 cm<\/p>","protected":false},"excerpt":{"rendered":"<p>Vase en c\u00e9ramique de style scandi avec des rainures et un motif de cuisson fin, 8,5 x 16 cm<\/p>","protected":false},"featured_media":64558,"template":"","meta":[],"product_brand":[],"product_cat":[27,23,984,994,1197],"product_tag":[324],"woo-feed-brand":[],"class_list":{"0":"post-64559","1":"product","2":"type-product","3":"status-publish","4":"has-post-thumbnail","6":"product_cat-vasen-gefaesse","7":"product_cat-home-living","8":"product_cat-silvester","9":"product_cat-silvestertisch","10":"product_cat-vasen","11":"product_tag-marein-ag","13":"first","14":"instock","15":"taxable","16":"shipping-taxable","17":"purchasable","18":"product-type-simple"},"_links":{"self":[{"href":"https:\/\/fh-staging.vengo.cloud\/fr-ch\/wp-json\/wp\/v2\/product\/64559","targetHints":{"allow":["GET"]}}],"collection":[{"href":"https:\/\/fh-staging.vengo.cloud\/fr-ch\/wp-json\/wp\/v2\/product"}],"about":[{"href":"https:\/\/fh-staging.vengo.cloud\/fr-ch\/wp-json\/wp\/v2\/types\/product"}],"wp:featuredmedia":[{"embeddable":true,"href":"https:\/\/fh-staging.vengo.cloud\/fr-ch\/wp-json\/wp\/v2\/media\/64558"}],"wp:attachment":[{"href":"https:\/\/fh-staging.vengo.cloud\/fr-ch\/wp-json\/wp\/v2\/media?parent=64559"}],"wp:term":[{"taxonomy":"product_brand","embeddable":true,"href":"https:\/\/fh-staging.vengo.cloud\/fr-ch\/wp-json\/wp\/v2\/product_brand?post=64559"},{"taxonomy":"product_cat","embeddable":true,"href":"https:\/\/fh-staging.vengo.cloud\/fr-ch\/wp-json\/wp\/v2\/product_cat?post=64559"},{"taxonomy":"product_tag","embeddable":true,"href":"https:\/\/fh-staging.vengo.cloud\/fr-ch\/wp-json\/wp\/v2\/product_tag?post=64559"},{"taxonomy":"woo-feed-brand","embeddable":true,"href":"https:\/\/fh-staging.vengo.cloud\/fr-ch\/wp-json\/wp\/v2\/woo-feed-brand?post=64559"}],"curies":[{"name":"wp","href":"https:\/\/api.w.org\/{rel}","templated":true}]}}