{"id":64463,"date":"2025-10-13T15:21:27","date_gmt":"2025-10-13T13:21:27","guid":{"rendered":"https:\/\/fh-staging.vengo.cloud\/de-ch\/p\/runder-wandspiegel-schwarz-d76"},"modified":"2026-01-05T14:05:25","modified_gmt":"2026-01-05T13:05:25","slug":"miroir-mural-rond-noir-d76","status":"publish","type":"product","link":"https:\/\/fh-staging.vengo.cloud\/fr-ch\/p\/runder-wandspiegel-schwarz-d76","title":{"rendered":"Miroir mural rond, noir D76"},"content":{"rendered":"<p>Donne \u00e0 ta pi\u00e8ce une touche moderne avec notre miroir mural rond et simple ! Le fin cadre m\u00e9tallique noir souligne discr\u00e8tement sa forme ronde et ajoute une touche de style \u00e0 n'importe quelle pi\u00e8ce. Avec un diam\u00e8tre de 76 cm, ce miroir n'est pas seulement pratique, mais aussi un ajout \u00e9l\u00e9gant \u00e0 ton int\u00e9rieur. Bien emball\u00e9 et livr\u00e9 avec des crochets pour le suspendre facilement - pour une ambiance simple et belle dans ta maison !<\/p>\n<p>- Miroir au design simple et \u00e0 la forme ronde<br \/>\n- Cadre noir fin et mince en m\u00e9tal<br \/>\n- Avec crochet de suspension<br \/>\n- Diam\u00e8tre de 76 cm<br \/>\n- Livr\u00e9 bien emball\u00e9 pour \u00e9viter les cassures pendant le transport<\/p>","protected":false},"excerpt":{"rendered":"<p>Miroir mural rond simple avec cadre noir, \u00d8 76 cm<\/p>","protected":false},"featured_media":64462,"template":"","meta":[],"product_brand":[],"product_cat":[1187,23,30],"product_tag":[324],"woo-feed-brand":[],"class_list":{"0":"post-64463","1":"product","2":"type-product","3":"status-publish","4":"has-post-thumbnail","6":"product_cat-spiegel","7":"product_cat-home-living","8":"product_cat-deko-accessoires","9":"product_tag-marein-ag","11":"first","12":"instock","13":"taxable","14":"shipping-taxable","15":"purchasable","16":"product-type-simple"},"_links":{"self":[{"href":"https:\/\/fh-staging.vengo.cloud\/fr-ch\/wp-json\/wp\/v2\/product\/64463","targetHints":{"allow":["GET"]}}],"collection":[{"href":"https:\/\/fh-staging.vengo.cloud\/fr-ch\/wp-json\/wp\/v2\/product"}],"about":[{"href":"https:\/\/fh-staging.vengo.cloud\/fr-ch\/wp-json\/wp\/v2\/types\/product"}],"wp:featuredmedia":[{"embeddable":true,"href":"https:\/\/fh-staging.vengo.cloud\/fr-ch\/wp-json\/wp\/v2\/media\/64462"}],"wp:attachment":[{"href":"https:\/\/fh-staging.vengo.cloud\/fr-ch\/wp-json\/wp\/v2\/media?parent=64463"}],"wp:term":[{"taxonomy":"product_brand","embeddable":true,"href":"https:\/\/fh-staging.vengo.cloud\/fr-ch\/wp-json\/wp\/v2\/product_brand?post=64463"},{"taxonomy":"product_cat","embeddable":true,"href":"https:\/\/fh-staging.vengo.cloud\/fr-ch\/wp-json\/wp\/v2\/product_cat?post=64463"},{"taxonomy":"product_tag","embeddable":true,"href":"https:\/\/fh-staging.vengo.cloud\/fr-ch\/wp-json\/wp\/v2\/product_tag?post=64463"},{"taxonomy":"woo-feed-brand","embeddable":true,"href":"https:\/\/fh-staging.vengo.cloud\/fr-ch\/wp-json\/wp\/v2\/woo-feed-brand?post=64463"}],"curies":[{"name":"wp","href":"https:\/\/api.w.org\/{rel}","templated":true}]}}