{"id":64394,"date":"2025-10-13T15:19:56","date_gmt":"2025-10-13T13:19:56","guid":{"rendered":"https:\/\/fh-staging.vengo.cloud\/de-ch\/p\/kerzenstaender-rose-9-5cm"},"modified":"2026-01-12T13:53:45","modified_gmt":"2026-01-12T12:53:45","slug":"bougeoir-rose-9-5cm","status":"publish","type":"product","link":"https:\/\/fh-staging.vengo.cloud\/fr-ch\/p\/kerzenstaender-rose-9-5cm","title":{"rendered":"Chandelier rose, 9.5cm"},"content":{"rendered":"<p>Notre \u00e9l\u00e9gant bougeoir pour bougies tubulaires et pointues, \u00e0 la finition rose brillante, ajoute une touche d'\u00e9l\u00e9gance \u00e0 tes \u00e9v\u00e9nements, qu'il s'agisse d'un mariage ou d'une f\u00eate festive. D'une hauteur de 9,5 cm, il est parfait pour des d\u00e9corations de table \u00e9l\u00e9gantes. Ce chandelier convient \u00e0 la plupart des bougies standard d'un diam\u00e8tre de 2,2 \u00e0 2,4 cm et est disponible en diff\u00e9rentes hauteurs pour permettre des arrangements harmonieux. Les fonds en velours des bougeoirs prot\u00e8gent tes meubles contre les rayures. Ajoute une touche de style et de glamour \u00e0 ta pi\u00e8ce avec ce bougeoir rose.<\/p>\n<p>- Chandelier pour bougies tubulaires et pointues en m\u00e9tal avec rose brillant<br \/>\n- Particuli\u00e8rement beau pour les occasions<br \/>\n- Disponible en diff\u00e9rentes hauteurs (6,5 cm et 9,5 cm) pour des combinaisons particuli\u00e8rement harmonieuses<br \/>\n- Convient \u00e0 la plupart des bougies standard (2,2 cm - 2,4 cm)<br \/>\n- Les bougeoirs sont \u00e9quip\u00e9s de fonds en velours pour \u00e9viter de rayer les meubles<br \/>\n- Dimensions : hauteur 9,5 x diam\u00e8tre 10 cm (pied)<\/p>","protected":false},"excerpt":{"rendered":"<p>Bougeoir pour bougies sur tige en rose, H 9.5 cm x \u00d8 10 cm<\/p>","protected":false},"featured_media":64393,"template":"","meta":[],"product_brand":[],"product_cat":[104,23,1000,999,28],"product_tag":[324],"woo-feed-brand":[],"class_list":{"0":"post-64394","1":"product","2":"type-product","3":"status-publish","4":"has-post-thumbnail","6":"product_cat-kerzenhalter","7":"product_cat-home-living","8":"product_cat-valentinstagsdeko","9":"product_cat-valentinstag","10":"product_cat-kerzen-lichter","11":"product_tag-marein-ag","13":"first","14":"instock","15":"taxable","16":"shipping-taxable","17":"purchasable","18":"product-type-simple"},"_links":{"self":[{"href":"https:\/\/fh-staging.vengo.cloud\/fr-ch\/wp-json\/wp\/v2\/product\/64394","targetHints":{"allow":["GET"]}}],"collection":[{"href":"https:\/\/fh-staging.vengo.cloud\/fr-ch\/wp-json\/wp\/v2\/product"}],"about":[{"href":"https:\/\/fh-staging.vengo.cloud\/fr-ch\/wp-json\/wp\/v2\/types\/product"}],"wp:featuredmedia":[{"embeddable":true,"href":"https:\/\/fh-staging.vengo.cloud\/fr-ch\/wp-json\/wp\/v2\/media\/64393"}],"wp:attachment":[{"href":"https:\/\/fh-staging.vengo.cloud\/fr-ch\/wp-json\/wp\/v2\/media?parent=64394"}],"wp:term":[{"taxonomy":"product_brand","embeddable":true,"href":"https:\/\/fh-staging.vengo.cloud\/fr-ch\/wp-json\/wp\/v2\/product_brand?post=64394"},{"taxonomy":"product_cat","embeddable":true,"href":"https:\/\/fh-staging.vengo.cloud\/fr-ch\/wp-json\/wp\/v2\/product_cat?post=64394"},{"taxonomy":"product_tag","embeddable":true,"href":"https:\/\/fh-staging.vengo.cloud\/fr-ch\/wp-json\/wp\/v2\/product_tag?post=64394"},{"taxonomy":"woo-feed-brand","embeddable":true,"href":"https:\/\/fh-staging.vengo.cloud\/fr-ch\/wp-json\/wp\/v2\/woo-feed-brand?post=64394"}],"curies":[{"name":"wp","href":"https:\/\/api.w.org\/{rel}","templated":true}]}}