{"id":64216,"date":"2025-10-13T15:13:42","date_gmt":"2025-10-13T13:13:42","guid":{"rendered":"https:\/\/fh-staging.vengo.cloud\/de-ch\/p\/stapelbarer-wire-korb-mit-griff-und-holzboden-matt-schwarz-42x30x12cm"},"modified":"2026-01-05T14:05:41","modified_gmt":"2026-01-05T13:05:41","slug":"panier-wire-empilable-noir-mat-42x30x12cm","status":"publish","type":"product","link":"https:\/\/fh-staging.vengo.cloud\/fr-ch\/p\/stapelbarer-wire-korb-matt-schwarz-42x30x12cm","title":{"rendered":"Panier empilable Wire, noir mat, 42x30x12cm"},"content":{"rendered":"<p>Notre panier de rangement empilable en m\u00e9tal noir mat red\u00e9finit le style minimaliste. Dot\u00e9 de poign\u00e9es et d'une base en bois, il allie fonctionnalit\u00e9 et esth\u00e9tique. Le design empilable et les trois options de taille offrent des solutions flexibles pour une organisation \u00e9l\u00e9gante.<\/p>\n<p>- Panier de rangement minimaliste<br \/>\n- S'empile facilement et est disponible en trois tailles<br \/>\n- En m\u00e9tal noir mat avec poign\u00e9es et fond en bois<br \/>\n- Dimensions : longueur 37, largeur 25, hauteur 10 cm<\/p>","protected":false},"excerpt":{"rendered":"<p>Panier de rangement empilable en m\u00e9tal noir mat avec poign\u00e9es et fond en bois, L 30 x L 42 x H 12 cm<\/p>","protected":false},"featured_media":64215,"template":"","meta":[],"product_brand":[],"product_cat":[30,23,32,42,44],"product_tag":[324],"woo-feed-brand":[],"class_list":{"0":"post-64216","1":"product","2":"type-product","3":"status-publish","4":"has-post-thumbnail","6":"product_cat-deko-accessoires","7":"product_cat-home-living","8":"product_cat-aufbewahrung","9":"product_cat-kueche","10":"product_cat-kuechenhelfer","11":"product_tag-marein-ag","13":"first","14":"instock","15":"taxable","16":"shipping-taxable","17":"purchasable","18":"product-type-simple"},"_links":{"self":[{"href":"https:\/\/fh-staging.vengo.cloud\/fr-ch\/wp-json\/wp\/v2\/product\/64216","targetHints":{"allow":["GET"]}}],"collection":[{"href":"https:\/\/fh-staging.vengo.cloud\/fr-ch\/wp-json\/wp\/v2\/product"}],"about":[{"href":"https:\/\/fh-staging.vengo.cloud\/fr-ch\/wp-json\/wp\/v2\/types\/product"}],"wp:featuredmedia":[{"embeddable":true,"href":"https:\/\/fh-staging.vengo.cloud\/fr-ch\/wp-json\/wp\/v2\/media\/64215"}],"wp:attachment":[{"href":"https:\/\/fh-staging.vengo.cloud\/fr-ch\/wp-json\/wp\/v2\/media?parent=64216"}],"wp:term":[{"taxonomy":"product_brand","embeddable":true,"href":"https:\/\/fh-staging.vengo.cloud\/fr-ch\/wp-json\/wp\/v2\/product_brand?post=64216"},{"taxonomy":"product_cat","embeddable":true,"href":"https:\/\/fh-staging.vengo.cloud\/fr-ch\/wp-json\/wp\/v2\/product_cat?post=64216"},{"taxonomy":"product_tag","embeddable":true,"href":"https:\/\/fh-staging.vengo.cloud\/fr-ch\/wp-json\/wp\/v2\/product_tag?post=64216"},{"taxonomy":"woo-feed-brand","embeddable":true,"href":"https:\/\/fh-staging.vengo.cloud\/fr-ch\/wp-json\/wp\/v2\/woo-feed-brand?post=64216"}],"curies":[{"name":"wp","href":"https:\/\/api.w.org\/{rel}","templated":true}]}}