{"id":64167,"date":"2025-10-13T15:12:41","date_gmt":"2025-10-13T13:12:41","guid":{"rendered":"https:\/\/fh-staging.vengo.cloud\/de-ch\/p\/heller-korb-mit-deckel-d17cm"},"modified":"2026-01-05T14:05:46","modified_gmt":"2026-01-05T13:05:46","slug":"panier-clair-avec-couvercle-d17cm","status":"publish","type":"product","link":"https:\/\/fh-staging.vengo.cloud\/fr-ch\/p\/heller-korb-mit-deckel-d17cm","title":{"rendered":"Panier clair avec couvercle, D17cm"},"content":{"rendered":"<p>Notre panier de rangement rond avec couvercle en fibres naturelles tress\u00e9es allie charme naturel et fonctionnalit\u00e9 pratique. Disponible en trois tailles, il offre de multiples possibilit\u00e9s d'utilisation et permet de belles combinaisons.<\/p>\n<p>- Panier rond avec couvercle<br \/>\n- En fibres naturelles tress\u00e9es<br \/>\n- Disponible en trois tailles pour de belles combinaisons<br \/>\n- Le couvercle prot\u00e8ge le contenu de la poussi\u00e8re et donne un aspect ordonn\u00e9.<br \/>\n- Utilisable de mani\u00e8re polyvalente comme solution de rangement pour le salon, la chambre ou le bureau<br \/>\n- Dimensions : diam\u00e8tre 17 cm, hauteur 10 cm<\/p>","protected":false},"excerpt":{"rendered":"<p>Panier de rangement rond avec couvercle en fibres naturelles, \u00d8 17 x H 10<\/p>","protected":false},"featured_media":64166,"template":"","meta":[],"product_brand":[],"product_cat":[32,23],"product_tag":[324],"woo-feed-brand":[],"class_list":{"0":"post-64167","1":"product","2":"type-product","3":"status-publish","4":"has-post-thumbnail","6":"product_cat-aufbewahrung","7":"product_cat-home-living","8":"product_tag-marein-ag","10":"first","11":"instock","12":"taxable","13":"shipping-taxable","14":"purchasable","15":"product-type-simple"},"_links":{"self":[{"href":"https:\/\/fh-staging.vengo.cloud\/fr-ch\/wp-json\/wp\/v2\/product\/64167","targetHints":{"allow":["GET"]}}],"collection":[{"href":"https:\/\/fh-staging.vengo.cloud\/fr-ch\/wp-json\/wp\/v2\/product"}],"about":[{"href":"https:\/\/fh-staging.vengo.cloud\/fr-ch\/wp-json\/wp\/v2\/types\/product"}],"wp:featuredmedia":[{"embeddable":true,"href":"https:\/\/fh-staging.vengo.cloud\/fr-ch\/wp-json\/wp\/v2\/media\/64166"}],"wp:attachment":[{"href":"https:\/\/fh-staging.vengo.cloud\/fr-ch\/wp-json\/wp\/v2\/media?parent=64167"}],"wp:term":[{"taxonomy":"product_brand","embeddable":true,"href":"https:\/\/fh-staging.vengo.cloud\/fr-ch\/wp-json\/wp\/v2\/product_brand?post=64167"},{"taxonomy":"product_cat","embeddable":true,"href":"https:\/\/fh-staging.vengo.cloud\/fr-ch\/wp-json\/wp\/v2\/product_cat?post=64167"},{"taxonomy":"product_tag","embeddable":true,"href":"https:\/\/fh-staging.vengo.cloud\/fr-ch\/wp-json\/wp\/v2\/product_tag?post=64167"},{"taxonomy":"woo-feed-brand","embeddable":true,"href":"https:\/\/fh-staging.vengo.cloud\/fr-ch\/wp-json\/wp\/v2\/woo-feed-brand?post=64167"}],"curies":[{"name":"wp","href":"https:\/\/api.w.org\/{rel}","templated":true}]}}