{"id":64077,"date":"2025-10-13T07:35:26","date_gmt":"2025-10-13T05:35:26","guid":{"rendered":"https:\/\/fh-staging.vengo.cloud\/de-ch\/?post_type=product&#038;p=64077"},"modified":"2025-12-18T16:32:09","modified_gmt":"2025-12-18T15:32:09","slug":"ruban-de-satin-rouge-fonce-40mmx25m","status":"publish","type":"product","link":"https:\/\/fh-staging.vengo.cloud\/fr-ch\/p\/satinband-dunkelrot-40mmx25m","title":{"rendered":"Ruban de satin rouge fonc\u00e9 40mmx25m"},"content":{"rendered":"<p>El\u00e9gant ruban de satin double face d'un rouge fonc\u00e9 \u00e9l\u00e9gant. Avec une largeur de 40 mm et une longueur de 25 m\u00e8tres, il est id\u00e9al pour les emballages cadeaux, les d\u00e9corations, les travaux manuels ou les occasions festives comme les mariages et No\u00ebl. La surface lisse et brillante ajoute une touche de qualit\u00e9 \u00e0 chaque projet.<\/p>","protected":false},"excerpt":{"rendered":"<p>Ruban de satin rouge fonc\u00e9 40mm x 25m<\/p>","protected":false},"featured_media":64080,"template":"","meta":[],"product_brand":[],"product_cat":[29,23,1193,1178,909,911],"product_tag":[983],"woo-feed-brand":[],"class_list":{"0":"post-64077","1":"product","2":"type-product","3":"status-publish","4":"has-post-thumbnail","6":"product_cat-do-it-yourself","7":"product_cat-home-living","8":"product_cat-baender-tueten","9":"product_cat-diy","10":"product_cat-weihnachten","11":"product_cat-accessoires","12":"product_tag-selection-by-fleurophome","14":"first","15":"instock","16":"taxable","17":"shipping-taxable","18":"purchasable","19":"product-type-simple"},"_links":{"self":[{"href":"https:\/\/fh-staging.vengo.cloud\/fr-ch\/wp-json\/wp\/v2\/product\/64077","targetHints":{"allow":["GET"]}}],"collection":[{"href":"https:\/\/fh-staging.vengo.cloud\/fr-ch\/wp-json\/wp\/v2\/product"}],"about":[{"href":"https:\/\/fh-staging.vengo.cloud\/fr-ch\/wp-json\/wp\/v2\/types\/product"}],"wp:featuredmedia":[{"embeddable":true,"href":"https:\/\/fh-staging.vengo.cloud\/fr-ch\/wp-json\/wp\/v2\/media\/64080"}],"wp:attachment":[{"href":"https:\/\/fh-staging.vengo.cloud\/fr-ch\/wp-json\/wp\/v2\/media?parent=64077"}],"wp:term":[{"taxonomy":"product_brand","embeddable":true,"href":"https:\/\/fh-staging.vengo.cloud\/fr-ch\/wp-json\/wp\/v2\/product_brand?post=64077"},{"taxonomy":"product_cat","embeddable":true,"href":"https:\/\/fh-staging.vengo.cloud\/fr-ch\/wp-json\/wp\/v2\/product_cat?post=64077"},{"taxonomy":"product_tag","embeddable":true,"href":"https:\/\/fh-staging.vengo.cloud\/fr-ch\/wp-json\/wp\/v2\/product_tag?post=64077"},{"taxonomy":"woo-feed-brand","embeddable":true,"href":"https:\/\/fh-staging.vengo.cloud\/fr-ch\/wp-json\/wp\/v2\/woo-feed-brand?post=64077"}],"curies":[{"name":"wp","href":"https:\/\/api.w.org\/{rel}","templated":true}]}}