{"id":64034,"date":"2025-10-10T11:33:08","date_gmt":"2025-10-10T09:33:08","guid":{"rendered":"https:\/\/fh-staging.vengo.cloud\/de-ch\/?post_type=product&#038;p=64034"},"modified":"2026-01-04T23:44:06","modified_gmt":"2026-01-04T22:44:06","slug":"planche-docean-avec-anse","status":"publish","type":"product","link":"https:\/\/fh-staging.vengo.cloud\/fr-ch\/p\/oceanbrett-mit-henkel","title":{"rendered":"Planche d'oc\u00e9an avec anse"},"content":{"rendered":"<p>Le sentiment de la mer \u00e0 la maison - parfait comme id\u00e9e de cadeau ou comme d\u00e9coration.<br \/>\nLe design d'Ocean est fait de r\u00e9sine \u00e9poxy et con\u00e7u \u00e0 la main. La planche est adapt\u00e9e au contact alimentaire et convainc par sa qualit\u00e9 sup\u00e9rieure. Nous recommandons de couper \u00e0 l'arri\u00e8re et de servir \u00e0 l'avant.<\/p>","protected":false},"excerpt":{"rendered":"<p>Chaque pi\u00e8ce est unique et faite \u00e0 la main, inspir\u00e9e par les vagues de la mer. Les couleurs et les motifs peuvent varier, rendant chaque planche tr\u00e8s sp\u00e9ciale. Id\u00e9al comme planche d'ap\u00e9ritif ou planche de d\u00e9coration.<\/p>","protected":false},"featured_media":65762,"template":"","meta":[],"product_brand":[],"product_cat":[44,42,1108,1104,43],"product_tag":[1147],"woo-feed-brand":[],"class_list":{"0":"post-64034","1":"product","2":"type-product","3":"status-publish","4":"has-post-thumbnail","6":"product_cat-kuechenhelfer","7":"product_cat-kueche","8":"product_cat-tabletts","9":"product_cat-tischakzente","10":"product_cat-gedeckter-tisch","11":"product_tag-handmade-by-selina","13":"first","14":"instock","15":"taxable","16":"shipping-taxable","17":"purchasable","18":"product-type-simple"},"_links":{"self":[{"href":"https:\/\/fh-staging.vengo.cloud\/fr-ch\/wp-json\/wp\/v2\/product\/64034","targetHints":{"allow":["GET"]}}],"collection":[{"href":"https:\/\/fh-staging.vengo.cloud\/fr-ch\/wp-json\/wp\/v2\/product"}],"about":[{"href":"https:\/\/fh-staging.vengo.cloud\/fr-ch\/wp-json\/wp\/v2\/types\/product"}],"wp:featuredmedia":[{"embeddable":true,"href":"https:\/\/fh-staging.vengo.cloud\/fr-ch\/wp-json\/wp\/v2\/media\/65762"}],"wp:attachment":[{"href":"https:\/\/fh-staging.vengo.cloud\/fr-ch\/wp-json\/wp\/v2\/media?parent=64034"}],"wp:term":[{"taxonomy":"product_brand","embeddable":true,"href":"https:\/\/fh-staging.vengo.cloud\/fr-ch\/wp-json\/wp\/v2\/product_brand?post=64034"},{"taxonomy":"product_cat","embeddable":true,"href":"https:\/\/fh-staging.vengo.cloud\/fr-ch\/wp-json\/wp\/v2\/product_cat?post=64034"},{"taxonomy":"product_tag","embeddable":true,"href":"https:\/\/fh-staging.vengo.cloud\/fr-ch\/wp-json\/wp\/v2\/product_tag?post=64034"},{"taxonomy":"woo-feed-brand","embeddable":true,"href":"https:\/\/fh-staging.vengo.cloud\/fr-ch\/wp-json\/wp\/v2\/woo-feed-brand?post=64034"}],"curies":[{"name":"wp","href":"https:\/\/api.w.org\/{rel}","templated":true}]}}