{"id":63305,"date":"2025-09-15T13:14:36","date_gmt":"2025-09-15T11:14:36","guid":{"rendered":"https:\/\/fh-staging.vengo.cloud\/fr-ch\/?post_type=product&#038;p=63305"},"modified":"2025-09-18T07:41:06","modified_gmt":"2025-09-18T05:41:06","slug":"mon-petit-cadeau","status":"publish","type":"product","link":"https:\/\/fh-staging.vengo.cloud\/fr-ch\/p\/mein-kleines-geschenk","title":{"rendered":"Mon petit cadeau"},"content":{"rendered":"<p>Un joli petit bouquet qui embellira ta maison ou qui sera id\u00e9al comme cadeau pour tes amis et ta famille. Ce bouquet 100 % naturel durera plusieurs ann\u00e9es et fera plaisir \u00e0 coup s\u00fbr.<\/p>","protected":false},"excerpt":{"rendered":"<p>Le petit bouquet se compose d'une rose bleu fonc\u00e9 et de plantes s\u00e9ch\u00e9es stabilis\u00e9es. Les fleurs s\u00e9ch\u00e9es peuvent diff\u00e9rer de la photo.<\/p>","protected":false},"featured_media":63294,"template":"","meta":[],"product_brand":[],"product_cat":[102,23,26],"product_tag":[1135],"woo-feed-brand":[],"class_list":{"0":"post-63305","1":"product","2":"type-product","3":"status-publish","4":"has-post-thumbnail","6":"product_cat-infinity-rosen","7":"product_cat-home-living","8":"product_cat-blumen-pflanzen","9":"product_tag-mon-reve-fleuri","11":"first","12":"instock","13":"taxable","14":"shipping-taxable","15":"purchasable","16":"product-type-simple"},"_links":{"self":[{"href":"https:\/\/fh-staging.vengo.cloud\/fr-ch\/wp-json\/wp\/v2\/product\/63305","targetHints":{"allow":["GET"]}}],"collection":[{"href":"https:\/\/fh-staging.vengo.cloud\/fr-ch\/wp-json\/wp\/v2\/product"}],"about":[{"href":"https:\/\/fh-staging.vengo.cloud\/fr-ch\/wp-json\/wp\/v2\/types\/product"}],"wp:featuredmedia":[{"embeddable":true,"href":"https:\/\/fh-staging.vengo.cloud\/fr-ch\/wp-json\/wp\/v2\/media\/63294"}],"wp:attachment":[{"href":"https:\/\/fh-staging.vengo.cloud\/fr-ch\/wp-json\/wp\/v2\/media?parent=63305"}],"wp:term":[{"taxonomy":"product_brand","embeddable":true,"href":"https:\/\/fh-staging.vengo.cloud\/fr-ch\/wp-json\/wp\/v2\/product_brand?post=63305"},{"taxonomy":"product_cat","embeddable":true,"href":"https:\/\/fh-staging.vengo.cloud\/fr-ch\/wp-json\/wp\/v2\/product_cat?post=63305"},{"taxonomy":"product_tag","embeddable":true,"href":"https:\/\/fh-staging.vengo.cloud\/fr-ch\/wp-json\/wp\/v2\/product_tag?post=63305"},{"taxonomy":"woo-feed-brand","embeddable":true,"href":"https:\/\/fh-staging.vengo.cloud\/fr-ch\/wp-json\/wp\/v2\/woo-feed-brand?post=63305"}],"curies":[{"name":"wp","href":"https:\/\/api.w.org\/{rel}","templated":true}]}}