{"id":62881,"date":"2025-09-04T10:46:26","date_gmt":"2025-09-04T08:46:26","guid":{"rendered":"https:\/\/fh-staging.vengo.cloud\/de-ch\/?post_type=product&#038;p=62881"},"modified":"2026-01-12T13:59:32","modified_gmt":"2026-01-12T12:59:32","slug":"bougie-florale-faite-a-la-main","status":"publish","type":"product","link":"https:\/\/fh-staging.vengo.cloud\/fr-ch\/p\/handgemachte-blumenkerze","title":{"rendered":"Bougie florale faite \u00e0 la main"},"content":{"rendered":"<p data-start=\"219\" data-end=\"441\">Le site <strong>Bougie florale faite \u00e0 la main<\/strong> apporte la beaut\u00e9 d'une fleur \u00e9panouie directement dans ta maison.<\/p>\n<p data-start=\"219\" data-end=\"441\">Chaque bougie est fabriqu\u00e9e avec une grande attention aux d\u00e9tails et convainc par sa forme de fleur r\u00e9aliste d'un rose\/rouge \u00e9clatant.<\/p>\n<p data-start=\"631\" data-end=\"797\">Qu'il s'agisse d'une d\u00e9coration de table \u00e9l\u00e9gante, d'un cadeau romantique ou d'un accroche-regard particulier, cette bougie florale cr\u00e9e une atmosph\u00e8re chaleureuse et des accents \u00e9l\u00e9gants dans chaque pi\u00e8ce.<\/p>\n<p data-start=\"799\" data-end=\"890\">\u00d8 11.5 cm<br data-start=\"821\" data-end=\"824\" \/>environ 155 gr<br data-start=\"870\" data-end=\"873\" \/>Couleur : rouge ou blanc<\/p>\n<ul>\n<li data-start=\"573\" data-end=\"703\">Fabriqu\u00e9 \u00e0 partir de cire de colza allemande. Veuillez noter que de petites variations de couleur sont possibles en raison des conditions de r\u00e9colte.<\/li>\n<li data-start=\"573\" data-end=\"703\">Sans ajout de parfum.<\/li>\n<li data-start=\"573\" data-end=\"703\">Chaque bougie est coul\u00e9e \u00e0 la main sur commande avec le plus grand soin - juste pour toi - TON unique.<\/li>\n<\/ul>\n<p>&nbsp;<\/p>\n<p>Si tu veux les allumer, fais attention aux <strong>Avertissements et consignes de s\u00e9curit\u00e9 pour les bougies.<\/strong><\/p>","protected":false},"excerpt":{"rendered":"<p>Bougie florale faite main - Une mer de fleurs en cire<\/p>","protected":false},"featured_media":62886,"template":"","meta":[],"product_brand":[],"product_cat":[103,23,1000,999,28],"product_tag":[1159],"woo-feed-brand":[],"class_list":{"0":"post-62881","1":"product","2":"type-product","3":"status-publish","4":"has-post-thumbnail","6":"product_cat-kerzen","7":"product_cat-home-living","8":"product_cat-valentinstagsdeko","9":"product_cat-valentinstag","10":"product_cat-kerzen-lichter","11":"product_tag-glowing-celebrations","13":"first","14":"instock","15":"taxable","16":"shipping-taxable","17":"purchasable","18":"product-type-variable"},"_links":{"self":[{"href":"https:\/\/fh-staging.vengo.cloud\/fr-ch\/wp-json\/wp\/v2\/product\/62881","targetHints":{"allow":["GET"]}}],"collection":[{"href":"https:\/\/fh-staging.vengo.cloud\/fr-ch\/wp-json\/wp\/v2\/product"}],"about":[{"href":"https:\/\/fh-staging.vengo.cloud\/fr-ch\/wp-json\/wp\/v2\/types\/product"}],"wp:featuredmedia":[{"embeddable":true,"href":"https:\/\/fh-staging.vengo.cloud\/fr-ch\/wp-json\/wp\/v2\/media\/62886"}],"wp:attachment":[{"href":"https:\/\/fh-staging.vengo.cloud\/fr-ch\/wp-json\/wp\/v2\/media?parent=62881"}],"wp:term":[{"taxonomy":"product_brand","embeddable":true,"href":"https:\/\/fh-staging.vengo.cloud\/fr-ch\/wp-json\/wp\/v2\/product_brand?post=62881"},{"taxonomy":"product_cat","embeddable":true,"href":"https:\/\/fh-staging.vengo.cloud\/fr-ch\/wp-json\/wp\/v2\/product_cat?post=62881"},{"taxonomy":"product_tag","embeddable":true,"href":"https:\/\/fh-staging.vengo.cloud\/fr-ch\/wp-json\/wp\/v2\/product_tag?post=62881"},{"taxonomy":"woo-feed-brand","embeddable":true,"href":"https:\/\/fh-staging.vengo.cloud\/fr-ch\/wp-json\/wp\/v2\/woo-feed-brand?post=62881"}],"curies":[{"name":"wp","href":"https:\/\/api.w.org\/{rel}","templated":true}]}}