{"id":62541,"date":"2025-09-02T06:10:06","date_gmt":"2025-09-02T04:10:06","guid":{"rendered":"https:\/\/fh-staging.vengo.cloud\/de-ch\/?post_type=product&#038;p=62541"},"modified":"2025-10-22T09:04:05","modified_gmt":"2025-10-22T07:04:05","slug":"kuerbis-ponki-grand","status":"publish","type":"product","link":"https:\/\/fh-staging.vengo.cloud\/fr-ch\/p\/kuerbis-ponki-gross","title":{"rendered":"Citrouille Ponki grande"},"content":{"rendered":"<p><strong>Citrouille \"Ponki\" - le style rencontre la structure<\/strong><\/p>\n<p>Un accroche-regard individuel avec beaucoup de caract\u00e8re : notre citrouille \"Ponki\" s\u00e9duit par sa <strong>surface chaude couleur terracotta<\/strong> et la <strong>Un toucher velout\u00e9<\/strong>qui invite \u00e0 toucher. Avec les masses de <strong>17 x 12,5 cm<\/strong> il apporte une \u00e9l\u00e9gance calme et naturelle \u00e0 tes espaces de vie - parfait pour les buffets, les rebords de fen\u00eatre ou comme accent affectueux sur la table dress\u00e9e.<\/p>\n<p>La surface velout\u00e9e conf\u00e8re une profondeur particuli\u00e8re \u00e0 la citrouille - sans aucune brillance, mais avec beaucoup de style. Qu'il s'agisse d'un point fort saisonnier ou d'un favori de la d\u00e9coration toute l'ann\u00e9e, \"Ponki\" assure la r\u00e9ussite. <strong>ambiance harmonieuse<\/strong> Tout en restant conscient <strong>uniquement pour l'int\u00e9rieur<\/strong> pens\u00e9<\/p>","protected":false},"excerpt":{"rendered":"<p>Citrouille d\u00e9corative au design automnal : la surface douce et velout\u00e9e d'un orange chaud est compl\u00e9t\u00e9e avec raffinement par une tige dor\u00e9e. Parfait pour des d\u00e9corations d'automne et d'Halloween \u00e9l\u00e9gantes. Id\u00e9al comme d\u00e9coration de table ou pour des compositions saisonni\u00e8res.<\/p>","protected":false},"featured_media":62724,"template":"","meta":[],"product_brand":[],"product_cat":[30,23,1190],"product_tag":[983],"woo-feed-brand":[],"class_list":{"0":"post-62541","1":"product","2":"type-product","3":"status-publish","4":"has-post-thumbnail","6":"product_cat-deko-accessoires","7":"product_cat-home-living","8":"product_cat-dekoobjekte","9":"product_tag-selection-by-fleurophome","11":"first","12":"instock","13":"taxable","14":"shipping-taxable","15":"purchasable","16":"product-type-simple"},"_links":{"self":[{"href":"https:\/\/fh-staging.vengo.cloud\/fr-ch\/wp-json\/wp\/v2\/product\/62541","targetHints":{"allow":["GET"]}}],"collection":[{"href":"https:\/\/fh-staging.vengo.cloud\/fr-ch\/wp-json\/wp\/v2\/product"}],"about":[{"href":"https:\/\/fh-staging.vengo.cloud\/fr-ch\/wp-json\/wp\/v2\/types\/product"}],"wp:featuredmedia":[{"embeddable":true,"href":"https:\/\/fh-staging.vengo.cloud\/fr-ch\/wp-json\/wp\/v2\/media\/62724"}],"wp:attachment":[{"href":"https:\/\/fh-staging.vengo.cloud\/fr-ch\/wp-json\/wp\/v2\/media?parent=62541"}],"wp:term":[{"taxonomy":"product_brand","embeddable":true,"href":"https:\/\/fh-staging.vengo.cloud\/fr-ch\/wp-json\/wp\/v2\/product_brand?post=62541"},{"taxonomy":"product_cat","embeddable":true,"href":"https:\/\/fh-staging.vengo.cloud\/fr-ch\/wp-json\/wp\/v2\/product_cat?post=62541"},{"taxonomy":"product_tag","embeddable":true,"href":"https:\/\/fh-staging.vengo.cloud\/fr-ch\/wp-json\/wp\/v2\/product_tag?post=62541"},{"taxonomy":"woo-feed-brand","embeddable":true,"href":"https:\/\/fh-staging.vengo.cloud\/fr-ch\/wp-json\/wp\/v2\/woo-feed-brand?post=62541"}],"curies":[{"name":"wp","href":"https:\/\/api.w.org\/{rel}","templated":true}]}}