{"id":62539,"date":"2025-09-02T06:02:35","date_gmt":"2025-09-02T04:02:35","guid":{"rendered":"https:\/\/fh-staging.vengo.cloud\/de-ch\/?post_type=product&#038;p=62539"},"modified":"2025-10-22T09:04:06","modified_gmt":"2025-10-22T07:04:06","slug":"courge-ponki-3-pieces","status":"publish","type":"product","link":"https:\/\/fh-staging.vengo.cloud\/fr-ch\/p\/kuerbis-ponki-3-stueck","title":{"rendered":"Courge Ponki 3 pi\u00e8ces"},"content":{"rendered":"<p><strong>Citrouille \"Ponki\" - le style rencontre la structure<\/strong><\/p>\n<p>Trois petits accrocheurs pour un grand effet : notre set de citrouilles \"Ponki\" apporte une touche d'originalit\u00e9 avec son <strong>surface chaude couleur terracotta<\/strong> et la <strong>Un toucher velout\u00e9<\/strong> une touche noble et naturelle dans tes espaces de vie. Avec des dimensions compactes de <strong>9 x 8,8 cm<\/strong> les citrouilles sont id\u00e9ales pour des compositions \u00e9l\u00e9gantes sur des buffets, des \u00e9tag\u00e8res ou comme d\u00e9tail affectueux sur la table dress\u00e9e.<\/p>\n<p>La surface velout\u00e9e invite au toucher et donne une profondeur particuli\u00e8re \u00e0 l'ensemble - sans aucune brillance, mais avec beaucoup de caract\u00e8re. Qu'il soit plac\u00e9 seul ou mis en sc\u00e8ne en trio : \"Ponki\" assure <strong>Ambiance automnale harmonieuse<\/strong> Tout en restant conscient <strong>uniquement pour l'int\u00e9rieur<\/strong> pens\u00e9<\/p>","protected":false},"excerpt":{"rendered":"<div class=\"desc\">\n<p>Citrouille d\u00e9corative au design automnal : la surface douce et velout\u00e9e d'un orange chaud est compl\u00e9t\u00e9e avec raffinement par une tige dor\u00e9e. Parfait pour des d\u00e9corations d'automne et d'Halloween \u00e9l\u00e9gantes. Id\u00e9al comme d\u00e9coration de table ou pour des compositions saisonni\u00e8res.<\/p>\n<\/div>\n<div class=\"product-attributes\"><\/div>","protected":false},"featured_media":62726,"template":"","meta":[],"product_brand":[],"product_cat":[30,23,1190],"product_tag":[983],"woo-feed-brand":[],"class_list":{"0":"post-62539","1":"product","2":"type-product","3":"status-publish","4":"has-post-thumbnail","6":"product_cat-deko-accessoires","7":"product_cat-home-living","8":"product_cat-dekoobjekte","9":"product_tag-selection-by-fleurophome","11":"first","12":"instock","13":"taxable","14":"shipping-taxable","15":"purchasable","16":"product-type-simple"},"_links":{"self":[{"href":"https:\/\/fh-staging.vengo.cloud\/fr-ch\/wp-json\/wp\/v2\/product\/62539","targetHints":{"allow":["GET"]}}],"collection":[{"href":"https:\/\/fh-staging.vengo.cloud\/fr-ch\/wp-json\/wp\/v2\/product"}],"about":[{"href":"https:\/\/fh-staging.vengo.cloud\/fr-ch\/wp-json\/wp\/v2\/types\/product"}],"wp:featuredmedia":[{"embeddable":true,"href":"https:\/\/fh-staging.vengo.cloud\/fr-ch\/wp-json\/wp\/v2\/media\/62726"}],"wp:attachment":[{"href":"https:\/\/fh-staging.vengo.cloud\/fr-ch\/wp-json\/wp\/v2\/media?parent=62539"}],"wp:term":[{"taxonomy":"product_brand","embeddable":true,"href":"https:\/\/fh-staging.vengo.cloud\/fr-ch\/wp-json\/wp\/v2\/product_brand?post=62539"},{"taxonomy":"product_cat","embeddable":true,"href":"https:\/\/fh-staging.vengo.cloud\/fr-ch\/wp-json\/wp\/v2\/product_cat?post=62539"},{"taxonomy":"product_tag","embeddable":true,"href":"https:\/\/fh-staging.vengo.cloud\/fr-ch\/wp-json\/wp\/v2\/product_tag?post=62539"},{"taxonomy":"woo-feed-brand","embeddable":true,"href":"https:\/\/fh-staging.vengo.cloud\/fr-ch\/wp-json\/wp\/v2\/woo-feed-brand?post=62539"}],"curies":[{"name":"wp","href":"https:\/\/api.w.org\/{rel}","templated":true}]}}