{"id":6233,"date":"2020-02-18T16:06:47","date_gmt":"2020-02-18T15:06:47","guid":{"rendered":"https:\/\/fh-staging.vengo.cloud\/?product=huhnerei-weiss-ausgeblasen-schachtel"},"modified":"2025-10-22T11:21:08","modified_gmt":"2025-10-22T09:21:08","slug":"oeuf-de-poule-blanc-souffle-boite","status":"publish","type":"product","link":"https:\/\/fh-staging.vengo.cloud\/fr-ch\/p\/huhnerei-weiss-ausgeblasen-schachtel","title":{"rendered":"H\u00fchnerei weiss &#8218;ausgeblasen&#8216; Schachtel"},"content":{"rendered":"<p style=\"text-align: left;\">H\u00fchnerei weiss &#8218;ausgeblasen&#8216; Schachtel \u00e0 12 St\u00fcck<\/p>","protected":false},"excerpt":{"rendered":"<p>Pour devenir cr\u00e9atif<\/p>","protected":false},"featured_media":6234,"template":"","meta":[],"product_brand":[],"product_cat":[29,23,1196,1021,1018],"product_tag":[289],"woo-feed-brand":[],"class_list":{"0":"post-6233","1":"product","2":"type-product","3":"status-publish","4":"has-post-thumbnail","6":"product_cat-do-it-yourself","7":"product_cat-home-living","8":"product_cat-natur-deko","9":"product_cat-osterdeko","10":"product_cat-ostern","11":"product_tag-blumengarten-kung-ag","13":"first","14":"instock","15":"taxable","16":"shipping-taxable","17":"purchasable","18":"product-type-simple"},"_links":{"self":[{"href":"https:\/\/fh-staging.vengo.cloud\/fr-ch\/wp-json\/wp\/v2\/product\/6233","targetHints":{"allow":["GET"]}}],"collection":[{"href":"https:\/\/fh-staging.vengo.cloud\/fr-ch\/wp-json\/wp\/v2\/product"}],"about":[{"href":"https:\/\/fh-staging.vengo.cloud\/fr-ch\/wp-json\/wp\/v2\/types\/product"}],"wp:featuredmedia":[{"embeddable":true,"href":"https:\/\/fh-staging.vengo.cloud\/fr-ch\/wp-json\/wp\/v2\/media\/6234"}],"wp:attachment":[{"href":"https:\/\/fh-staging.vengo.cloud\/fr-ch\/wp-json\/wp\/v2\/media?parent=6233"}],"wp:term":[{"taxonomy":"product_brand","embeddable":true,"href":"https:\/\/fh-staging.vengo.cloud\/fr-ch\/wp-json\/wp\/v2\/product_brand?post=6233"},{"taxonomy":"product_cat","embeddable":true,"href":"https:\/\/fh-staging.vengo.cloud\/fr-ch\/wp-json\/wp\/v2\/product_cat?post=6233"},{"taxonomy":"product_tag","embeddable":true,"href":"https:\/\/fh-staging.vengo.cloud\/fr-ch\/wp-json\/wp\/v2\/product_tag?post=6233"},{"taxonomy":"woo-feed-brand","embeddable":true,"href":"https:\/\/fh-staging.vengo.cloud\/fr-ch\/wp-json\/wp\/v2\/woo-feed-brand?post=6233"}],"curies":[{"name":"wp","href":"https:\/\/api.w.org\/{rel}","templated":true}]}}