{"id":60955,"date":"2025-08-27T11:56:30","date_gmt":"2025-08-27T09:56:30","guid":{"rendered":"https:\/\/fh-staging.vengo.cloud\/?post_type=product&#038;p=60955"},"modified":"2025-11-19T08:53:24","modified_gmt":"2025-11-19T07:53:24","slug":"1001-lait-dor-biologique-45g","status":"publish","type":"product","link":"https:\/\/fh-staging.vengo.cloud\/fr-ch\/p\/1001-organic-golden-milk-45g","title":{"rendered":"1001 ORGANIC GOLDEN MILK, 45g"},"content":{"rendered":"<p><strong>D\u00e9gustation<br \/>\n<\/strong>Curcuma, gingembre, cannelle, miel, \u00e9pic\u00e9 tonifiant<\/p>\n<p><strong>S'adapte \u00e0<br \/>\n<\/strong>Les jours froids, la fatigue, le bien-\u00eatre ou le rhume<\/p>\n<p><strong>Composition<br \/>\n<\/strong>curcuma, gingembre, cannelle, cardamome, poivre noir, noix de muscade, clous de girofle<\/p>\n<p><strong>Aspect social<br \/>\n<\/strong>1001 Organic investit dans l'infrastructure n\u00e9cessaire ainsi que dans les communaut\u00e9s paysannes et les aide \u00e0 se professionnaliser et \u00e0 se convertir \u00e0 l'agriculture biologique certifi\u00e9e. Gr\u00e2ce \u00e0 des formations r\u00e9guli\u00e8res et \u00e0 des paiements qui repr\u00e9sentent plusieurs fois le prix habituel des mati\u00e8res premi\u00e8res, nos paysans et leurs familles peuvent b\u00e9n\u00e9ficier d'un niveau de vie plus \u00e9lev\u00e9.<\/p>","protected":false},"excerpt":{"rendered":"<p>Golden Milk est un m\u00e9lange d'\u00e9pices traditionnel indien pour les boissons. Son effet vivifiant pour le corps et l'esprit repose sur une ancienne tradition ayurv\u00e9dique.<\/p>","protected":false},"featured_media":60957,"template":"","meta":[],"product_brand":[],"product_cat":[47,1207,909,915,42,885],"product_tag":[949],"woo-feed-brand":[],"class_list":{"0":"post-60955","1":"product","2":"type-product","3":"status-publish","4":"has-post-thumbnail","6":"product_cat-kuechenaromen","7":"product_cat-unter-25-chf","8":"product_cat-weihnachten","9":"product_cat-wichteln","10":"product_cat-kueche","11":"product_cat-koestlichkeiten","12":"product_tag-1001-organic","14":"first","15":"instock","16":"taxable","17":"shipping-taxable","18":"purchasable","19":"product-type-simple"},"_links":{"self":[{"href":"https:\/\/fh-staging.vengo.cloud\/fr-ch\/wp-json\/wp\/v2\/product\/60955","targetHints":{"allow":["GET"]}}],"collection":[{"href":"https:\/\/fh-staging.vengo.cloud\/fr-ch\/wp-json\/wp\/v2\/product"}],"about":[{"href":"https:\/\/fh-staging.vengo.cloud\/fr-ch\/wp-json\/wp\/v2\/types\/product"}],"wp:featuredmedia":[{"embeddable":true,"href":"https:\/\/fh-staging.vengo.cloud\/fr-ch\/wp-json\/wp\/v2\/media\/60957"}],"wp:attachment":[{"href":"https:\/\/fh-staging.vengo.cloud\/fr-ch\/wp-json\/wp\/v2\/media?parent=60955"}],"wp:term":[{"taxonomy":"product_brand","embeddable":true,"href":"https:\/\/fh-staging.vengo.cloud\/fr-ch\/wp-json\/wp\/v2\/product_brand?post=60955"},{"taxonomy":"product_cat","embeddable":true,"href":"https:\/\/fh-staging.vengo.cloud\/fr-ch\/wp-json\/wp\/v2\/product_cat?post=60955"},{"taxonomy":"product_tag","embeddable":true,"href":"https:\/\/fh-staging.vengo.cloud\/fr-ch\/wp-json\/wp\/v2\/product_tag?post=60955"},{"taxonomy":"woo-feed-brand","embeddable":true,"href":"https:\/\/fh-staging.vengo.cloud\/fr-ch\/wp-json\/wp\/v2\/woo-feed-brand?post=60955"}],"curies":[{"name":"wp","href":"https:\/\/api.w.org\/{rel}","templated":true}]}}