{"id":60229,"date":"2025-07-30T08:26:45","date_gmt":"2025-07-30T06:26:45","guid":{"rendered":"https:\/\/fh-staging.vengo.cloud\/fr-ch"},"modified":"2025-09-02T11:55:29","modified_gmt":"2025-09-02T09:55:29","slug":"bouquet-de-25-roses-stabilisees-bleu-clair","status":"publish","type":"product","link":"https:\/\/fh-staging.vengo.cloud\/fr-ch\/p\/strauss-mit-25-stabilisierten-rosen-hellblau","title":{"rendered":"Bouquet de 25 roses stabilis\u00e9es, bleu clair"},"content":{"rendered":"<p>Beau bouquet de roses conserv\u00e9es bleu clair, 100 % naturelles et pouvant \u00eatre conserv\u00e9es plusieurs ann\u00e9es, accompagn\u00e9es de fleurs s\u00e9ch\u00e9es conserv\u00e9es et de plantes vertes.<br \/>\nLes petites fleurs s\u00e9ch\u00e9es et les plantes vertes peuvent l\u00e9g\u00e8rement diff\u00e9rer de la photo.<\/p>","protected":false},"excerpt":{"rendered":"<p>Bouquet de 25 roses bleu clair stabilis\u00e9es<\/p>","protected":false},"featured_media":60230,"template":"","meta":[],"product_brand":[],"product_cat":[102,23,26],"product_tag":[1135],"woo-feed-brand":[],"class_list":{"0":"post-60229","1":"product","2":"type-product","3":"status-publish","4":"has-post-thumbnail","6":"product_cat-infinity-rosen","7":"product_cat-home-living","8":"product_cat-blumen-pflanzen","9":"product_tag-mon-reve-fleuri","11":"first","12":"instock","13":"taxable","14":"shipping-taxable","15":"purchasable","16":"product-type-simple"},"_links":{"self":[{"href":"https:\/\/fh-staging.vengo.cloud\/fr-ch\/wp-json\/wp\/v2\/product\/60229","targetHints":{"allow":["GET"]}}],"collection":[{"href":"https:\/\/fh-staging.vengo.cloud\/fr-ch\/wp-json\/wp\/v2\/product"}],"about":[{"href":"https:\/\/fh-staging.vengo.cloud\/fr-ch\/wp-json\/wp\/v2\/types\/product"}],"wp:featuredmedia":[{"embeddable":true,"href":"https:\/\/fh-staging.vengo.cloud\/fr-ch\/wp-json\/wp\/v2\/media\/60230"}],"wp:attachment":[{"href":"https:\/\/fh-staging.vengo.cloud\/fr-ch\/wp-json\/wp\/v2\/media?parent=60229"}],"wp:term":[{"taxonomy":"product_brand","embeddable":true,"href":"https:\/\/fh-staging.vengo.cloud\/fr-ch\/wp-json\/wp\/v2\/product_brand?post=60229"},{"taxonomy":"product_cat","embeddable":true,"href":"https:\/\/fh-staging.vengo.cloud\/fr-ch\/wp-json\/wp\/v2\/product_cat?post=60229"},{"taxonomy":"product_tag","embeddable":true,"href":"https:\/\/fh-staging.vengo.cloud\/fr-ch\/wp-json\/wp\/v2\/product_tag?post=60229"},{"taxonomy":"woo-feed-brand","embeddable":true,"href":"https:\/\/fh-staging.vengo.cloud\/fr-ch\/wp-json\/wp\/v2\/woo-feed-brand?post=60229"}],"curies":[{"name":"wp","href":"https:\/\/api.w.org\/{rel}","templated":true}]}}