{"id":60223,"date":"2025-07-30T08:26:45","date_gmt":"2025-07-30T06:26:45","guid":{"rendered":"https:\/\/fh-staging.vengo.cloud\/fr-ch"},"modified":"2025-09-02T11:55:18","modified_gmt":"2025-09-02T09:55:18","slug":"erable-bonsai-stabilise-sous-cloche-de-verre-petit","status":"publish","type":"product","link":"https:\/\/fh-staging.vengo.cloud\/fr-ch\/p\/stabilisierter-bonsai-ahorn-unter-glasglocke-klein","title":{"rendered":"Bonsa\u00ef \u00e9rable stabilis\u00e9 sous cloche de verre, petit"},"content":{"rendered":"<p>Magnifique bonsa\u00ef en \u00e9rable stabilis\u00e9 qui durera plusieurs ann\u00e9es sans entretien. Le bonsa\u00ef peut l\u00e9g\u00e8rement diff\u00e9rer de la photo, car il s'agit de pi\u00e8ces uniques.<\/p>","protected":false},"excerpt":{"rendered":"<p>Bonsa\u00ef en \u00e9rable stabilis\u00e9 sous cloche de verre, pi\u00e8ce unique.<\/p>","protected":false},"featured_media":60224,"template":"","meta":[],"product_brand":[],"product_cat":[107,23,26],"product_tag":[1135],"woo-feed-brand":[],"class_list":{"0":"post-60223","1":"product","2":"type-product","3":"status-publish","4":"has-post-thumbnail","6":"product_cat-kunstblumen","7":"product_cat-home-living","8":"product_cat-blumen-pflanzen","9":"product_tag-mon-reve-fleuri","11":"first","12":"instock","13":"taxable","14":"shipping-taxable","15":"purchasable","16":"product-type-simple"},"_links":{"self":[{"href":"https:\/\/fh-staging.vengo.cloud\/fr-ch\/wp-json\/wp\/v2\/product\/60223","targetHints":{"allow":["GET"]}}],"collection":[{"href":"https:\/\/fh-staging.vengo.cloud\/fr-ch\/wp-json\/wp\/v2\/product"}],"about":[{"href":"https:\/\/fh-staging.vengo.cloud\/fr-ch\/wp-json\/wp\/v2\/types\/product"}],"wp:featuredmedia":[{"embeddable":true,"href":"https:\/\/fh-staging.vengo.cloud\/fr-ch\/wp-json\/wp\/v2\/media\/60224"}],"wp:attachment":[{"href":"https:\/\/fh-staging.vengo.cloud\/fr-ch\/wp-json\/wp\/v2\/media?parent=60223"}],"wp:term":[{"taxonomy":"product_brand","embeddable":true,"href":"https:\/\/fh-staging.vengo.cloud\/fr-ch\/wp-json\/wp\/v2\/product_brand?post=60223"},{"taxonomy":"product_cat","embeddable":true,"href":"https:\/\/fh-staging.vengo.cloud\/fr-ch\/wp-json\/wp\/v2\/product_cat?post=60223"},{"taxonomy":"product_tag","embeddable":true,"href":"https:\/\/fh-staging.vengo.cloud\/fr-ch\/wp-json\/wp\/v2\/product_tag?post=60223"},{"taxonomy":"woo-feed-brand","embeddable":true,"href":"https:\/\/fh-staging.vengo.cloud\/fr-ch\/wp-json\/wp\/v2\/woo-feed-brand?post=60223"}],"curies":[{"name":"wp","href":"https:\/\/api.w.org\/{rel}","templated":true}]}}