{"id":60179,"date":"2025-07-30T08:26:48","date_gmt":"2025-07-30T06:26:48","guid":{"rendered":"https:\/\/fh-staging.vengo.cloud\/fr-ch"},"modified":"2025-09-02T11:53:53","modified_gmt":"2025-09-02T09:53:53","slug":"bouquet-de-fleurs-avec-rose-stabilisee-bleu","status":"publish","type":"product","link":"https:\/\/fh-staging.vengo.cloud\/fr-ch\/p\/blumenstrauss-mit-stabilisierter-rose-blau","title":{"rendered":"Bouquet de fleurs avec rose stabilis\u00e9e, bleu"},"content":{"rendered":"<p>Joli petit bouquet de fleurs s\u00e9ch\u00e9es, accompagn\u00e9 d'une rose bleue 100 % naturelle et pr\u00e9serv\u00e9e, qui dure plusieurs ann\u00e9es.<\/p>","protected":false},"excerpt":{"rendered":"<p>Bouquet de fleurs s\u00e9ch\u00e9es avec une rose conserv\u00e9e<\/p>","protected":false},"featured_media":60180,"template":"","meta":[],"product_brand":[],"product_cat":[23,102,26],"product_tag":[1135],"woo-feed-brand":[],"class_list":{"0":"post-60179","1":"product","2":"type-product","3":"status-publish","4":"has-post-thumbnail","6":"product_cat-home-living","7":"product_cat-infinity-rosen","8":"product_cat-blumen-pflanzen","9":"product_tag-mon-reve-fleuri","11":"first","12":"instock","13":"taxable","14":"shipping-taxable","15":"purchasable","16":"product-type-simple"},"_links":{"self":[{"href":"https:\/\/fh-staging.vengo.cloud\/fr-ch\/wp-json\/wp\/v2\/product\/60179","targetHints":{"allow":["GET"]}}],"collection":[{"href":"https:\/\/fh-staging.vengo.cloud\/fr-ch\/wp-json\/wp\/v2\/product"}],"about":[{"href":"https:\/\/fh-staging.vengo.cloud\/fr-ch\/wp-json\/wp\/v2\/types\/product"}],"wp:featuredmedia":[{"embeddable":true,"href":"https:\/\/fh-staging.vengo.cloud\/fr-ch\/wp-json\/wp\/v2\/media\/60180"}],"wp:attachment":[{"href":"https:\/\/fh-staging.vengo.cloud\/fr-ch\/wp-json\/wp\/v2\/media?parent=60179"}],"wp:term":[{"taxonomy":"product_brand","embeddable":true,"href":"https:\/\/fh-staging.vengo.cloud\/fr-ch\/wp-json\/wp\/v2\/product_brand?post=60179"},{"taxonomy":"product_cat","embeddable":true,"href":"https:\/\/fh-staging.vengo.cloud\/fr-ch\/wp-json\/wp\/v2\/product_cat?post=60179"},{"taxonomy":"product_tag","embeddable":true,"href":"https:\/\/fh-staging.vengo.cloud\/fr-ch\/wp-json\/wp\/v2\/product_tag?post=60179"},{"taxonomy":"woo-feed-brand","embeddable":true,"href":"https:\/\/fh-staging.vengo.cloud\/fr-ch\/wp-json\/wp\/v2\/woo-feed-brand?post=60179"}],"curies":[{"name":"wp","href":"https:\/\/api.w.org\/{rel}","templated":true}]}}