{"id":59876,"date":"2025-08-11T13:40:49","date_gmt":"2025-08-11T11:40:49","guid":{"rendered":"https:\/\/fh-staging.vengo.cloud\/de-ch\/p\/glasschatulle-trixie"},"modified":"2025-10-22T08:46:49","modified_gmt":"2025-10-22T06:46:49","slug":"coffret-en-verre-trixie","status":"publish","type":"product","link":"https:\/\/fh-staging.vengo.cloud\/fr-ch\/p\/glasschatulle-trixie","title":{"rendered":"Coffret en verre Trixie"},"content":{"rendered":"<p>Le coffret en verre de la propre collection de Changemaker est fabriqu\u00e9 \u00e0 la main par Tara Projects. L'entreprise soutient les coop\u00e9ratives locales et les entreprises familiales afin qu'elles puissent produire leurs produits dans des conditions d\u00e9centes et les vendre sur le march\u00e9 mondial \u00e0 des prix \u00e9quitables. En outre, Tara Projects s'engage de mani\u00e8re cibl\u00e9e contre le travail des enfants.<\/p>","protected":false},"excerpt":{"rendered":"<p>Coffret en verre et m\u00e9tal<\/p>","protected":false},"featured_media":59875,"template":"","meta":[],"product_brand":[],"product_cat":[32,23],"product_tag":[1134],"woo-feed-brand":[],"class_list":{"0":"post-59876","1":"product","2":"type-product","3":"status-publish","4":"has-post-thumbnail","6":"product_cat-aufbewahrung","7":"product_cat-home-living","8":"product_tag-changemaker","10":"first","11":"instock","12":"taxable","13":"shipping-taxable","14":"purchasable","15":"product-type-simple"},"_links":{"self":[{"href":"https:\/\/fh-staging.vengo.cloud\/fr-ch\/wp-json\/wp\/v2\/product\/59876","targetHints":{"allow":["GET"]}}],"collection":[{"href":"https:\/\/fh-staging.vengo.cloud\/fr-ch\/wp-json\/wp\/v2\/product"}],"about":[{"href":"https:\/\/fh-staging.vengo.cloud\/fr-ch\/wp-json\/wp\/v2\/types\/product"}],"wp:featuredmedia":[{"embeddable":true,"href":"https:\/\/fh-staging.vengo.cloud\/fr-ch\/wp-json\/wp\/v2\/media\/59875"}],"wp:attachment":[{"href":"https:\/\/fh-staging.vengo.cloud\/fr-ch\/wp-json\/wp\/v2\/media?parent=59876"}],"wp:term":[{"taxonomy":"product_brand","embeddable":true,"href":"https:\/\/fh-staging.vengo.cloud\/fr-ch\/wp-json\/wp\/v2\/product_brand?post=59876"},{"taxonomy":"product_cat","embeddable":true,"href":"https:\/\/fh-staging.vengo.cloud\/fr-ch\/wp-json\/wp\/v2\/product_cat?post=59876"},{"taxonomy":"product_tag","embeddable":true,"href":"https:\/\/fh-staging.vengo.cloud\/fr-ch\/wp-json\/wp\/v2\/product_tag?post=59876"},{"taxonomy":"woo-feed-brand","embeddable":true,"href":"https:\/\/fh-staging.vengo.cloud\/fr-ch\/wp-json\/wp\/v2\/woo-feed-brand?post=59876"}],"curies":[{"name":"wp","href":"https:\/\/api.w.org\/{rel}","templated":true}]}}