{"id":59862,"date":"2025-08-11T13:40:50","date_gmt":"2025-08-11T11:40:50","guid":{"rendered":"https:\/\/fh-staging.vengo.cloud\/de-ch\/p\/kissen-baer"},"modified":"2025-09-22T15:51:45","modified_gmt":"2025-09-22T13:51:45","slug":"coussin-ours","status":"publish","type":"product","link":"https:\/\/fh-staging.vengo.cloud\/fr-ch\/p\/kissen-baer","title":{"rendered":"Coussin ourson"},"content":{"rendered":"<p>Nos articles pour enfants sont fabriqu\u00e9s \u00e0 la main par Universal Knitwears dans la ville de Kundli en Inde. L'entreprise poss\u00e8de la certification GOTS. Tous les secteurs doivent \u00eatre certifi\u00e9s selon des crit\u00e8res \u00e9cologiques et sociaux stricts pour que le produit final puisse porter le label GOTS. L'entreprise est consciente de sa responsabilit\u00e9 envers ses collaborateurs, l'environnement et la soci\u00e9t\u00e9. Conseils d'entretien : Lavage \u00e0 la main, ne pas s\u00e9cher au s\u00e8che-linge.<\/p>","protected":false},"excerpt":{"rendered":"<p>Housse en coton bio 100%<\/p>","protected":false},"featured_media":59861,"template":"","meta":[],"product_brand":[],"product_cat":[64,23,31,59,60],"product_tag":[1134],"woo-feed-brand":[],"class_list":{"0":"post-59862","1":"product","2":"type-product","3":"status-publish","4":"has-post-thumbnail","6":"product_cat-kinderzimmer-deko","7":"product_cat-home-living","8":"product_cat-heimtextilien","9":"product_cat-kids","10":"product_cat-kindertextilien","11":"product_tag-changemaker","13":"first","14":"instock","15":"taxable","16":"shipping-taxable","17":"purchasable","18":"product-type-simple"},"_links":{"self":[{"href":"https:\/\/fh-staging.vengo.cloud\/fr-ch\/wp-json\/wp\/v2\/product\/59862","targetHints":{"allow":["GET"]}}],"collection":[{"href":"https:\/\/fh-staging.vengo.cloud\/fr-ch\/wp-json\/wp\/v2\/product"}],"about":[{"href":"https:\/\/fh-staging.vengo.cloud\/fr-ch\/wp-json\/wp\/v2\/types\/product"}],"wp:featuredmedia":[{"embeddable":true,"href":"https:\/\/fh-staging.vengo.cloud\/fr-ch\/wp-json\/wp\/v2\/media\/59861"}],"wp:attachment":[{"href":"https:\/\/fh-staging.vengo.cloud\/fr-ch\/wp-json\/wp\/v2\/media?parent=59862"}],"wp:term":[{"taxonomy":"product_brand","embeddable":true,"href":"https:\/\/fh-staging.vengo.cloud\/fr-ch\/wp-json\/wp\/v2\/product_brand?post=59862"},{"taxonomy":"product_cat","embeddable":true,"href":"https:\/\/fh-staging.vengo.cloud\/fr-ch\/wp-json\/wp\/v2\/product_cat?post=59862"},{"taxonomy":"product_tag","embeddable":true,"href":"https:\/\/fh-staging.vengo.cloud\/fr-ch\/wp-json\/wp\/v2\/product_tag?post=59862"},{"taxonomy":"woo-feed-brand","embeddable":true,"href":"https:\/\/fh-staging.vengo.cloud\/fr-ch\/wp-json\/wp\/v2\/woo-feed-brand?post=59862"}],"curies":[{"name":"wp","href":"https:\/\/api.w.org\/{rel}","templated":true}]}}