{"id":59807,"date":"2025-08-11T13:40:53","date_gmt":"2025-08-11T11:40:53","guid":{"rendered":"https:\/\/fh-staging.vengo.cloud\/de-ch\/p\/kerzenhalter-spike-gross"},"modified":"2025-10-22T09:06:09","modified_gmt":"2025-10-22T07:06:09","slug":"porte-bougie-spike-grand","status":"publish","type":"product","link":"https:\/\/fh-staging.vengo.cloud\/fr-ch\/p\/kerzenhalter-spike-gross","title":{"rendered":"Bougeoir Spike grand"},"content":{"rendered":"<p>Le bougeoir de la propre collection de Changemaker est fabriqu\u00e9 \u00e0 la main en Inde par Noah's Ark. L'entreprise est certifi\u00e9e WFTO (World Fair Trade Organization) et s'engage pour des conditions de travail humaines et un march\u00e9 de vente \u00e9quitable. Comme il s'agit d'un produit naturel, il peut y avoir des diff\u00e9rences de couleur.<\/p>","protected":false},"excerpt":{"rendered":"<p>Porte-bougies en fer<\/p>","protected":false},"featured_media":59806,"template":"","meta":[],"product_brand":[],"product_cat":[104,23,909,1179,911,28],"product_tag":[1134],"woo-feed-brand":[],"class_list":{"0":"post-59807","1":"product","2":"type-product","3":"status-publish","4":"has-post-thumbnail","6":"product_cat-kerzenhalter","7":"product_cat-home-living","8":"product_cat-weihnachten","9":"product_cat-weihnachtsdeko","10":"product_cat-accessoires","11":"product_cat-kerzen-lichter","12":"product_tag-changemaker","14":"first","15":"instock","16":"taxable","17":"shipping-taxable","18":"purchasable","19":"product-type-simple"},"_links":{"self":[{"href":"https:\/\/fh-staging.vengo.cloud\/fr-ch\/wp-json\/wp\/v2\/product\/59807","targetHints":{"allow":["GET"]}}],"collection":[{"href":"https:\/\/fh-staging.vengo.cloud\/fr-ch\/wp-json\/wp\/v2\/product"}],"about":[{"href":"https:\/\/fh-staging.vengo.cloud\/fr-ch\/wp-json\/wp\/v2\/types\/product"}],"wp:featuredmedia":[{"embeddable":true,"href":"https:\/\/fh-staging.vengo.cloud\/fr-ch\/wp-json\/wp\/v2\/media\/59806"}],"wp:attachment":[{"href":"https:\/\/fh-staging.vengo.cloud\/fr-ch\/wp-json\/wp\/v2\/media?parent=59807"}],"wp:term":[{"taxonomy":"product_brand","embeddable":true,"href":"https:\/\/fh-staging.vengo.cloud\/fr-ch\/wp-json\/wp\/v2\/product_brand?post=59807"},{"taxonomy":"product_cat","embeddable":true,"href":"https:\/\/fh-staging.vengo.cloud\/fr-ch\/wp-json\/wp\/v2\/product_cat?post=59807"},{"taxonomy":"product_tag","embeddable":true,"href":"https:\/\/fh-staging.vengo.cloud\/fr-ch\/wp-json\/wp\/v2\/product_tag?post=59807"},{"taxonomy":"woo-feed-brand","embeddable":true,"href":"https:\/\/fh-staging.vengo.cloud\/fr-ch\/wp-json\/wp\/v2\/woo-feed-brand?post=59807"}],"curies":[{"name":"wp","href":"https:\/\/api.w.org\/{rel}","templated":true}]}}