{"id":59797,"date":"2025-08-11T13:40:55","date_gmt":"2025-08-11T11:40:55","guid":{"rendered":"https:\/\/fh-staging.vengo.cloud\/de-ch\/p\/bilderrahmen-portrait-klein-hochformat"},"modified":"2025-10-22T09:34:06","modified_gmt":"2025-10-22T07:34:06","slug":"cadre-photo-portrait-petit-format-portrait","status":"publish","type":"product","link":"https:\/\/fh-staging.vengo.cloud\/fr-ch\/p\/bilderrahmen-portrait-klein-hochformat","title":{"rendered":"Cadre photo Portrait petit format portrait"},"content":{"rendered":"<p>Le cadre photo de la propre collection de Changemaker est fabriqu\u00e9 \u00e0 la main par Tara Projects. L'entreprise soutient les coop\u00e9ratives locales, les coop\u00e9ratives et les entreprises familiales pour qu'elles puissent fabriquer leurs produits dans des conditions d\u00e9centes.<\/p>","protected":false},"excerpt":{"rendered":"<p>Cadre photo en fer &amp; verre<\/p>","protected":false},"featured_media":59796,"template":"","meta":[],"product_brand":[],"product_cat":[30,23,1191],"product_tag":[1134],"woo-feed-brand":[],"class_list":{"0":"post-59797","1":"product","2":"type-product","3":"status-publish","4":"has-post-thumbnail","6":"product_cat-deko-accessoires","7":"product_cat-home-living","8":"product_cat-wanddeko","9":"product_tag-changemaker","11":"first","12":"instock","13":"taxable","14":"shipping-taxable","15":"purchasable","16":"product-type-simple"},"_links":{"self":[{"href":"https:\/\/fh-staging.vengo.cloud\/fr-ch\/wp-json\/wp\/v2\/product\/59797","targetHints":{"allow":["GET"]}}],"collection":[{"href":"https:\/\/fh-staging.vengo.cloud\/fr-ch\/wp-json\/wp\/v2\/product"}],"about":[{"href":"https:\/\/fh-staging.vengo.cloud\/fr-ch\/wp-json\/wp\/v2\/types\/product"}],"wp:featuredmedia":[{"embeddable":true,"href":"https:\/\/fh-staging.vengo.cloud\/fr-ch\/wp-json\/wp\/v2\/media\/59796"}],"wp:attachment":[{"href":"https:\/\/fh-staging.vengo.cloud\/fr-ch\/wp-json\/wp\/v2\/media?parent=59797"}],"wp:term":[{"taxonomy":"product_brand","embeddable":true,"href":"https:\/\/fh-staging.vengo.cloud\/fr-ch\/wp-json\/wp\/v2\/product_brand?post=59797"},{"taxonomy":"product_cat","embeddable":true,"href":"https:\/\/fh-staging.vengo.cloud\/fr-ch\/wp-json\/wp\/v2\/product_cat?post=59797"},{"taxonomy":"product_tag","embeddable":true,"href":"https:\/\/fh-staging.vengo.cloud\/fr-ch\/wp-json\/wp\/v2\/product_tag?post=59797"},{"taxonomy":"woo-feed-brand","embeddable":true,"href":"https:\/\/fh-staging.vengo.cloud\/fr-ch\/wp-json\/wp\/v2\/woo-feed-brand?post=59797"}],"curies":[{"name":"wp","href":"https:\/\/api.w.org\/{rel}","templated":true}]}}