{"id":59768,"date":"2025-08-11T13:40:58","date_gmt":"2025-08-11T11:40:58","guid":{"rendered":"https:\/\/fh-staging.vengo.cloud\/de-ch\/p\/necessaire-leaves-gross-blassrosa-mint"},"modified":"2025-10-03T07:57:09","modified_gmt":"2025-10-03T05:57:09","slug":"necessaire-leaves-grande-rose-pale-menthe","status":"publish","type":"product","link":"https:\/\/fh-staging.vengo.cloud\/fr-ch\/p\/necessaire-leaves-gross-blassrosa-mint","title":{"rendered":"N\u00e9cessaire Leaves grande rose p\u00e2le\/menthe"},"content":{"rendered":"<p>Le N\u00e9cessaire de notre propre collection Changemaker est soigneusement fabriqu\u00e9 \u00e0 la main en Inde. Le tissu ext\u00e9rieur est compos\u00e9 \u00e0 100% de coton bio et convainc par son beau design. Le tissu int\u00e9rieur a un rev\u00eatement hydrofuge, gr\u00e2ce \u00e0 son beau design. Le tissu int\u00e9rieur a un rev\u00eatement hydrofuge gr\u00e2ce auquel le N\u00e9cessaire reste robuste, m\u00eame si quelque chose fuit. Notre producteur Manjeen soutient et encourage les artisans d\u00e9favoris\u00e9s et souhaite ainsi contribuer \u00e0 l'\u00e9limination de la pauvret\u00e9 et de l'exploitation. Le commerce juste et \u00e9quitable des produits joue un r\u00f4le central dans ce processus.<\/p>","protected":false},"excerpt":{"rendered":"<p>N\u00e9cessaire en coton bio 100%<\/p>","protected":false},"featured_media":59767,"template":"","meta":[],"product_brand":[],"product_cat":[31,23,48,50],"product_tag":[1134],"woo-feed-brand":[],"class_list":{"0":"post-59768","1":"product","2":"type-product","3":"status-publish","4":"has-post-thumbnail","6":"product_cat-heimtextilien","7":"product_cat-home-living","8":"product_cat-bad-wellness","9":"product_cat-badezubehoer","10":"product_tag-changemaker","12":"first","13":"instock","14":"taxable","15":"shipping-taxable","16":"purchasable","17":"product-type-simple"},"_links":{"self":[{"href":"https:\/\/fh-staging.vengo.cloud\/fr-ch\/wp-json\/wp\/v2\/product\/59768","targetHints":{"allow":["GET"]}}],"collection":[{"href":"https:\/\/fh-staging.vengo.cloud\/fr-ch\/wp-json\/wp\/v2\/product"}],"about":[{"href":"https:\/\/fh-staging.vengo.cloud\/fr-ch\/wp-json\/wp\/v2\/types\/product"}],"wp:featuredmedia":[{"embeddable":true,"href":"https:\/\/fh-staging.vengo.cloud\/fr-ch\/wp-json\/wp\/v2\/media\/59767"}],"wp:attachment":[{"href":"https:\/\/fh-staging.vengo.cloud\/fr-ch\/wp-json\/wp\/v2\/media?parent=59768"}],"wp:term":[{"taxonomy":"product_brand","embeddable":true,"href":"https:\/\/fh-staging.vengo.cloud\/fr-ch\/wp-json\/wp\/v2\/product_brand?post=59768"},{"taxonomy":"product_cat","embeddable":true,"href":"https:\/\/fh-staging.vengo.cloud\/fr-ch\/wp-json\/wp\/v2\/product_cat?post=59768"},{"taxonomy":"product_tag","embeddable":true,"href":"https:\/\/fh-staging.vengo.cloud\/fr-ch\/wp-json\/wp\/v2\/product_tag?post=59768"},{"taxonomy":"woo-feed-brand","embeddable":true,"href":"https:\/\/fh-staging.vengo.cloud\/fr-ch\/wp-json\/wp\/v2\/woo-feed-brand?post=59768"}],"curies":[{"name":"wp","href":"https:\/\/api.w.org\/{rel}","templated":true}]}}