{"id":59756,"date":"2025-08-11T13:40:59","date_gmt":"2025-08-11T11:40:59","guid":{"rendered":"https:\/\/fh-staging.vengo.cloud\/de-ch\/p\/tortenplatte-akazie-l"},"modified":"2025-10-22T09:17:54","modified_gmt":"2025-10-22T07:17:54","slug":"plat-a-tarte-acacia-l","status":"publish","type":"product","link":"https:\/\/fh-staging.vengo.cloud\/fr-ch\/p\/tortenplatte-akazie-l","title":{"rendered":"Plateau \u00e0 tarte Acacia L"},"content":{"rendered":"<p>Les plats \u00e0 tarte de la propre collection de Changemaker ont \u00e9t\u00e9 d\u00e9velopp\u00e9s et con\u00e7us en interne. Notre producteur MESH est une organisation indienne de commerce \u00e9quitable qui soutient les personnes handicap\u00e9es et l\u00e9preuses dans la fabrication d'articles artisanaux, elles<\/p>","protected":false},"excerpt":{"rendered":"<p>Plateau en bois d'acacia<\/p>","protected":false},"featured_media":59755,"template":"","meta":[],"product_brand":[],"product_cat":[1107,23,1190,909,1179,911,30,42,1104,43],"product_tag":[1134],"woo-feed-brand":[],"class_list":{"0":"post-59756","1":"product","2":"type-product","3":"status-publish","4":"has-post-thumbnail","6":"product_cat-etageren","7":"product_cat-home-living","8":"product_cat-dekoobjekte","9":"product_cat-weihnachten","10":"product_cat-weihnachtsdeko","11":"product_cat-accessoires","12":"product_cat-deko-accessoires","13":"product_cat-kueche","14":"product_cat-tischakzente","15":"product_cat-gedeckter-tisch","16":"product_tag-changemaker","18":"first","19":"instock","20":"taxable","21":"shipping-taxable","22":"purchasable","23":"product-type-simple"},"_links":{"self":[{"href":"https:\/\/fh-staging.vengo.cloud\/fr-ch\/wp-json\/wp\/v2\/product\/59756","targetHints":{"allow":["GET"]}}],"collection":[{"href":"https:\/\/fh-staging.vengo.cloud\/fr-ch\/wp-json\/wp\/v2\/product"}],"about":[{"href":"https:\/\/fh-staging.vengo.cloud\/fr-ch\/wp-json\/wp\/v2\/types\/product"}],"wp:featuredmedia":[{"embeddable":true,"href":"https:\/\/fh-staging.vengo.cloud\/fr-ch\/wp-json\/wp\/v2\/media\/59755"}],"wp:attachment":[{"href":"https:\/\/fh-staging.vengo.cloud\/fr-ch\/wp-json\/wp\/v2\/media?parent=59756"}],"wp:term":[{"taxonomy":"product_brand","embeddable":true,"href":"https:\/\/fh-staging.vengo.cloud\/fr-ch\/wp-json\/wp\/v2\/product_brand?post=59756"},{"taxonomy":"product_cat","embeddable":true,"href":"https:\/\/fh-staging.vengo.cloud\/fr-ch\/wp-json\/wp\/v2\/product_cat?post=59756"},{"taxonomy":"product_tag","embeddable":true,"href":"https:\/\/fh-staging.vengo.cloud\/fr-ch\/wp-json\/wp\/v2\/product_tag?post=59756"},{"taxonomy":"woo-feed-brand","embeddable":true,"href":"https:\/\/fh-staging.vengo.cloud\/fr-ch\/wp-json\/wp\/v2\/woo-feed-brand?post=59756"}],"curies":[{"name":"wp","href":"https:\/\/api.w.org\/{rel}","templated":true}]}}