{"id":59742,"date":"2025-08-11T13:41:00","date_gmt":"2025-08-11T11:41:00","guid":{"rendered":"https:\/\/fh-staging.vengo.cloud\/de-ch\/p\/schneidebrett-mango-gross"},"modified":"2025-09-22T15:58:32","modified_gmt":"2025-09-22T13:58:32","slug":"planche-a-decouper-mangue-grande","status":"publish","type":"product","link":"https:\/\/fh-staging.vengo.cloud\/fr-ch\/p\/schneidebrett-mango-gross","title":{"rendered":"Planche \u00e0 d\u00e9couper mangue grande"},"content":{"rendered":"<p>La planche \u00e0 d\u00e9couper de la propre collection de Changemaker est fabriqu\u00e9e \u00e0 la main en Inde par Noah's Ark. L'entreprise est certifi\u00e9e WFTO (World Fair Trade Organization) et s'engage pour des conditions de travail humaines et un march\u00e9 de vente \u00e9quitable. Comme il s'agit d'un produit naturel, il peut y avoir des diff\u00e9rences de couleur.<\/p>","protected":false},"excerpt":{"rendered":"<p>Planche \u00e0 d\u00e9couper en bois de manguier<\/p>","protected":false},"featured_media":59741,"template":"","meta":[],"product_brand":[],"product_cat":[44,42],"product_tag":[1134],"woo-feed-brand":[],"class_list":{"0":"post-59742","1":"product","2":"type-product","3":"status-publish","4":"has-post-thumbnail","6":"product_cat-kuechenhelfer","7":"product_cat-kueche","8":"product_tag-changemaker","10":"first","11":"instock","12":"taxable","13":"shipping-taxable","14":"purchasable","15":"product-type-simple"},"_links":{"self":[{"href":"https:\/\/fh-staging.vengo.cloud\/fr-ch\/wp-json\/wp\/v2\/product\/59742","targetHints":{"allow":["GET"]}}],"collection":[{"href":"https:\/\/fh-staging.vengo.cloud\/fr-ch\/wp-json\/wp\/v2\/product"}],"about":[{"href":"https:\/\/fh-staging.vengo.cloud\/fr-ch\/wp-json\/wp\/v2\/types\/product"}],"wp:featuredmedia":[{"embeddable":true,"href":"https:\/\/fh-staging.vengo.cloud\/fr-ch\/wp-json\/wp\/v2\/media\/59741"}],"wp:attachment":[{"href":"https:\/\/fh-staging.vengo.cloud\/fr-ch\/wp-json\/wp\/v2\/media?parent=59742"}],"wp:term":[{"taxonomy":"product_brand","embeddable":true,"href":"https:\/\/fh-staging.vengo.cloud\/fr-ch\/wp-json\/wp\/v2\/product_brand?post=59742"},{"taxonomy":"product_cat","embeddable":true,"href":"https:\/\/fh-staging.vengo.cloud\/fr-ch\/wp-json\/wp\/v2\/product_cat?post=59742"},{"taxonomy":"product_tag","embeddable":true,"href":"https:\/\/fh-staging.vengo.cloud\/fr-ch\/wp-json\/wp\/v2\/product_tag?post=59742"},{"taxonomy":"woo-feed-brand","embeddable":true,"href":"https:\/\/fh-staging.vengo.cloud\/fr-ch\/wp-json\/wp\/v2\/woo-feed-brand?post=59742"}],"curies":[{"name":"wp","href":"https:\/\/api.w.org\/{rel}","templated":true}]}}