{"id":59699,"date":"2025-08-11T13:41:04","date_gmt":"2025-08-11T11:41:04","guid":{"rendered":"https:\/\/fh-staging.vengo.cloud\/de-ch\/p\/pastateller-sea-foam"},"modified":"2025-09-22T16:00:52","modified_gmt":"2025-09-22T14:00:52","slug":"assiette-a-pates-sea-foam","status":"publish","type":"product","link":"https:\/\/fh-staging.vengo.cloud\/fr-ch\/p\/pastateller-sea-foam","title":{"rendered":"Assiette \u00e0 p\u00e2tes Sea Foam"},"content":{"rendered":"<p>Notre premi\u00e8re collection de vaisselle a \u00e9t\u00e9 cr\u00e9\u00e9e en collaboration avec le producteur de c\u00e9ramique Sudipta Saha et metta. Le jeune entrepreneur talentueux Sudipta Saha, originaire d'un village proche du Bangladesh, a poursuivi avec passion son objectif de fabriquer des produits en c\u00e9ramique de haute qualit\u00e9 et durables. Apr\u00e8s avoir obtenu son master en c\u00e9ramique et travaill\u00e9 dur dans son atelier \u00e0 domicile, il collabore d\u00e9sormais avec M. Lakhani \u00e0 Kolkata. Cette collaboration donne acc\u00e8s aux machines, \u00e0 l'espace et \u00e0 la main-d'\u0153uvre pour toute la production de c\u00e9ramique, ce qui r\u00e9duit consid\u00e9rablement l'empreinte \u00e9cologique. Les mat\u00e9riaux sont fabriqu\u00e9s par des artisans locaux, ce qui cr\u00e9e des moyens de subsistance durables. Une collaboratrice est actuellement en formation, d'autres femmes devraient suivre. La collaboration avec des organisations comme Metta Muse et Changemaker vise \u00e0 promouvoir la formation des femmes locales en tant que c\u00e9ramistes et \u00e0 leur offrir respect, dignit\u00e9 et moyens de subsistance durables. L'engagement de Sudipta et le renforcement de la communaut\u00e9 locale sont la cl\u00e9 de la construction d'un \u00e9cosyst\u00e8me holistique et inclusif dans une r\u00e9gion o\u00f9 la c\u00e9ramique est peu connue.<\/p>\n<p>REMARQUE : comme chaque pi\u00e8ce est fabriqu\u00e9e \u00e0 la main, aucune n'est identique \u00e0 l'autre. Il peut y avoir des impuret\u00e9s ou des diff\u00e9rences de couleur. Le dessous n'est pas \u00e9maill\u00e9 et peut pr\u00e9senter des irr\u00e9gularit\u00e9s.<\/p>","protected":false},"excerpt":{"rendered":"<p>Assiette en c\u00e9ramique \u00d8 22cm, hauteur 4cm<\/p>","protected":false},"featured_media":59698,"template":"","meta":[],"product_brand":[],"product_cat":[1102,42,1101,43],"product_tag":[1134],"woo-feed-brand":[],"class_list":{"0":"post-59699","1":"product","2":"type-product","3":"status-publish","4":"has-post-thumbnail","6":"product_cat-essen","7":"product_cat-kueche","8":"product_cat-geschirr","9":"product_cat-gedeckter-tisch","10":"product_tag-changemaker","12":"first","13":"instock","14":"taxable","15":"shipping-taxable","16":"purchasable","17":"product-type-simple"},"_links":{"self":[{"href":"https:\/\/fh-staging.vengo.cloud\/fr-ch\/wp-json\/wp\/v2\/product\/59699","targetHints":{"allow":["GET"]}}],"collection":[{"href":"https:\/\/fh-staging.vengo.cloud\/fr-ch\/wp-json\/wp\/v2\/product"}],"about":[{"href":"https:\/\/fh-staging.vengo.cloud\/fr-ch\/wp-json\/wp\/v2\/types\/product"}],"wp:featuredmedia":[{"embeddable":true,"href":"https:\/\/fh-staging.vengo.cloud\/fr-ch\/wp-json\/wp\/v2\/media\/59698"}],"wp:attachment":[{"href":"https:\/\/fh-staging.vengo.cloud\/fr-ch\/wp-json\/wp\/v2\/media?parent=59699"}],"wp:term":[{"taxonomy":"product_brand","embeddable":true,"href":"https:\/\/fh-staging.vengo.cloud\/fr-ch\/wp-json\/wp\/v2\/product_brand?post=59699"},{"taxonomy":"product_cat","embeddable":true,"href":"https:\/\/fh-staging.vengo.cloud\/fr-ch\/wp-json\/wp\/v2\/product_cat?post=59699"},{"taxonomy":"product_tag","embeddable":true,"href":"https:\/\/fh-staging.vengo.cloud\/fr-ch\/wp-json\/wp\/v2\/product_tag?post=59699"},{"taxonomy":"woo-feed-brand","embeddable":true,"href":"https:\/\/fh-staging.vengo.cloud\/fr-ch\/wp-json\/wp\/v2\/woo-feed-brand?post=59699"}],"curies":[{"name":"wp","href":"https:\/\/api.w.org\/{rel}","templated":true}]}}